{"id":10338,"date":"2025-01-29T14:34:51","date_gmt":"2025-01-29T09:04:51","guid":{"rendered":"https:\/\/haycarb.com\/?page_id=10338"},"modified":"2025-12-18T10:05:30","modified_gmt":"2025-12-18T04:35:30","slug":"innovate","status":"publish","type":"page","link":"https:\/\/www.haycarb.com\/tr\/esg-activity\/innovate\/","title":{"rendered":"Yenilik yap\u0131n"},"content":{"rendered":"<div data-elementor-type=\"wp-page\" data-elementor-id=\"10338\" class=\"elementor elementor-10338\" data-elementor-settings=\"{&quot;element_pack_global_tooltip_width&quot;:{&quot;unit&quot;:&quot;px&quot;,&quot;size&quot;:&quot;&quot;,&quot;sizes&quot;:[]},&quot;element_pack_global_tooltip_width_widescreen&quot;:{&quot;unit&quot;:&quot;px&quot;,&quot;size&quot;:&quot;&quot;,&quot;sizes&quot;:[]},&quot;element_pack_global_tooltip_width_laptop&quot;:{&quot;unit&quot;:&quot;px&quot;,&quot;size&quot;:&quot;&quot;,&quot;sizes&quot;:[]},&quot;element_pack_global_tooltip_width_tablet_extra&quot;:{&quot;unit&quot;:&quot;px&quot;,&quot;size&quot;:&quot;&quot;,&quot;sizes&quot;:[]},&quot;element_pack_global_tooltip_width_tablet&quot;:{&quot;unit&quot;:&quot;px&quot;,&quot;size&quot;:&quot;&quot;,&quot;sizes&quot;:[]},&quot;element_pack_global_tooltip_width_mobile_extra&quot;:{&quot;unit&quot;:&quot;px&quot;,&quot;size&quot;:&quot;&quot;,&quot;sizes&quot;:[]},&quot;element_pack_global_tooltip_width_mobile&quot;:{&quot;unit&quot;:&quot;px&quot;,&quot;size&quot;:&quot;&quot;,&quot;sizes&quot;:[]},&quot;element_pack_global_tooltip_padding&quot;:{&quot;unit&quot;:&quot;px&quot;,&quot;top&quot;:&quot;&quot;,&quot;right&quot;:&quot;&quot;,&quot;bottom&quot;:&quot;&quot;,&quot;left&quot;:&quot;&quot;,&quot;isLinked&quot;:true},&quot;element_pack_global_tooltip_padding_widescreen&quot;:{&quot;unit&quot;:&quot;px&quot;,&quot;top&quot;:&quot;&quot;,&quot;right&quot;:&quot;&quot;,&quot;bottom&quot;:&quot;&quot;,&quot;left&quot;:&quot;&quot;,&quot;isLinked&quot;:true},&quot;element_pack_global_tooltip_padding_laptop&quot;:{&quot;unit&quot;:&quot;px&quot;,&quot;top&quot;:&quot;&quot;,&quot;right&quot;:&quot;&quot;,&quot;bottom&quot;:&quot;&quot;,&quot;left&quot;:&quot;&quot;,&quot;isLinked&quot;:true},&quot;element_pack_global_tooltip_padding_tablet_extra&quot;:{&quot;unit&quot;:&quot;px&quot;,&quot;top&quot;:&quot;&quot;,&quot;right&quot;:&quot;&quot;,&quot;bottom&quot;:&quot;&quot;,&quot;left&quot;:&quot;&quot;,&quot;isLinked&quot;:true},&quot;element_pack_global_tooltip_padding_tablet&quot;:{&quot;unit&quot;:&quot;px&quot;,&quot;top&quot;:&quot;&quot;,&quot;right&quot;:&quot;&quot;,&quot;bottom&quot;:&quot;&quot;,&quot;left&quot;:&quot;&quot;,&quot;isLinked&quot;:true},&quot;element_pack_global_tooltip_padding_mobile_extra&quot;:{&quot;unit&quot;:&quot;px&quot;,&quot;top&quot;:&quot;&quot;,&quot;right&quot;:&quot;&quot;,&quot;bottom&quot;:&quot;&quot;,&quot;left&quot;:&quot;&quot;,&quot;isLinked&quot;:true},&quot;element_pack_global_tooltip_padding_mobile&quot;:{&quot;unit&quot;:&quot;px&quot;,&quot;top&quot;:&quot;&quot;,&quot;right&quot;:&quot;&quot;,&quot;bottom&quot;:&quot;&quot;,&quot;left&quot;:&quot;&quot;,&quot;isLinked&quot;:true},&quot;element_pack_global_tooltip_border_radius&quot;:{&quot;unit&quot;:&quot;px&quot;,&quot;top&quot;:&quot;&quot;,&quot;right&quot;:&quot;&quot;,&quot;bottom&quot;:&quot;&quot;,&quot;left&quot;:&quot;&quot;,&quot;isLinked&quot;:true},&quot;element_pack_global_tooltip_border_radius_widescreen&quot;:{&quot;unit&quot;:&quot;px&quot;,&quot;top&quot;:&quot;&quot;,&quot;right&quot;:&quot;&quot;,&quot;bottom&quot;:&quot;&quot;,&quot;left&quot;:&quot;&quot;,&quot;isLinked&quot;:true},&quot;element_pack_global_tooltip_border_radius_laptop&quot;:{&quot;unit&quot;:&quot;px&quot;,&quot;top&quot;:&quot;&quot;,&quot;right&quot;:&quot;&quot;,&quot;bottom&quot;:&quot;&quot;,&quot;left&quot;:&quot;&quot;,&quot;isLinked&quot;:true},&quot;element_pack_global_tooltip_border_radius_tablet_extra&quot;:{&quot;unit&quot;:&quot;px&quot;,&quot;top&quot;:&quot;&quot;,&quot;right&quot;:&quot;&quot;,&quot;bottom&quot;:&quot;&quot;,&quot;left&quot;:&quot;&quot;,&quot;isLinked&quot;:true},&quot;element_pack_global_tooltip_border_radius_tablet&quot;:{&quot;unit&quot;:&quot;px&quot;,&quot;top&quot;:&quot;&quot;,&quot;right&quot;:&quot;&quot;,&quot;bottom&quot;:&quot;&quot;,&quot;left&quot;:&quot;&quot;,&quot;isLinked&quot;:true},&quot;element_pack_global_tooltip_border_radius_mobile_extra&quot;:{&quot;unit&quot;:&quot;px&quot;,&quot;top&quot;:&quot;&quot;,&quot;right&quot;:&quot;&quot;,&quot;bottom&quot;:&quot;&quot;,&quot;left&quot;:&quot;&quot;,&quot;isLinked&quot;:true},&quot;element_pack_global_tooltip_border_radius_mobile&quot;:{&quot;unit&quot;:&quot;px&quot;,&quot;top&quot;:&quot;&quot;,&quot;right&quot;:&quot;&quot;,&quot;bottom&quot;:&quot;&quot;,&quot;left&quot;:&quot;&quot;,&quot;isLinked&quot;:true}}\" data-elementor-post-type=\"page\">\n\t\t\t\t<div class=\"elementor-element elementor-element-53d9dc5 animated-slow e-flex e-con-boxed elementor-invisible e-con e-parent\" data-id=\"53d9dc5\" data-element_type=\"container\" data-settings=\"{&quot;background_background&quot;:&quot;classic&quot;,&quot;animation&quot;:&quot;fadeIn&quot;}\">\n\t\t\t\t\t<div class=\"e-con-inner\">\n\t\t\t\t<div class=\"elementor-element elementor-element-88c6478 elementor-widget elementor-widget-heading\" data-id=\"88c6478\" data-element_type=\"widget\" data-widget_type=\"heading.default\">\n\t\t\t\t\t<h1 class=\"elementor-heading-title elementor-size-default\">Yenilik yap\u0131n<\/h1>\t\t\t\t<\/div>\n\t\t\t\t<div class=\"elementor-element elementor-element-eac5fe6 elementor-widget elementor-widget-bdt-breadcrumbs\" data-id=\"eac5fe6\" data-element_type=\"widget\" data-widget_type=\"bdt-breadcrumbs.default\">\n\t\t\t\t\t<div class='bdt-ep-breadcrumbs-wrapper'><ul class=\"bdt-ep-breadcrumb breadcrumb-align-left\"><li><a href=\"https:\/\/www.haycarb.com\/tr\/\">Haycarb<\/a><\/li>\n<li><span> Sayfa<\/span><\/li>\n<\/ul><\/div>\t\t\t\t<\/div>\n\t\t\t\t\t<\/div>\n\t\t\t\t<\/div>\n\t\t<div data-bdt-parallax=\"border-color: #D11111,#AFAFAF;\" class=\"elementor-element elementor-element-9145c16 e-flex e-con-boxed e-con e-parent\" data-id=\"9145c16\" data-element_type=\"container\" data-settings=\"{&quot;background_background&quot;:&quot;classic&quot;}\">\n\t\t\t\t\t<div class=\"e-con-inner\">\n\t\t\t\t<div class=\"elementor-element elementor-element-6ca9c79 elementor-widget elementor-widget-spacer\" data-id=\"6ca9c79\" data-element_type=\"widget\" data-widget_type=\"spacer.default\">\n\t\t\t\t\t\t\t<div class=\"elementor-spacer\">\n\t\t\t<div class=\"elementor-spacer-inner\"><\/div>\n\t\t<\/div>\n\t\t\t\t\t\t<\/div>\n\t\t\t\t\t<\/div>\n\t\t\t\t<\/div>\n\t\t<div class=\"elementor-element elementor-element-9bbecce e-con-full e-flex e-con e-parent\" data-id=\"9bbecce\" data-element_type=\"container\">\n\t\t<div class=\"elementor-element elementor-element-a5099b9 e-con-full e-flex e-con e-child\" data-id=\"a5099b9\" data-element_type=\"container\">\n\t\t<div class=\"elementor-element elementor-element-5cd437c e-con-full animated-slow e-flex elementor-invisible e-con e-child\" data-id=\"5cd437c\" data-element_type=\"container\" data-settings=\"{&quot;animation&quot;:&quot;fadeIn&quot;}\">\n\t\t\t\t<div class=\"elementor-element elementor-element-dcea3e4 elementor-widget elementor-widget-heading\" data-id=\"dcea3e4\" data-element_type=\"widget\" data-widget_type=\"heading.default\">\n\t\t\t\t\t<h2 class=\"elementor-heading-title elementor-size-default\">\u201cYan \u00fcr\u00fcnleri s\u00fcrd\u00fcr\u00fclebilir \u00fcr\u00fcnlere d\u00f6n\u00fc\u015ft\u00fcrerek, daha ye\u015fil bir gelecek i\u00e7in \u00e7e\u015fitli sekt\u00f6rlere hizmet veriyoruz.\u201d<\/h2>\t\t\t\t<\/div>\n\t\t\t\t<div class=\"elementor-element elementor-element-470763d elementor-widget-divider--view-line elementor-widget elementor-widget-divider\" data-id=\"470763d\" data-element_type=\"widget\" data-widget_type=\"divider.default\">\n\t\t\t\t\t\t\t<div class=\"elementor-divider\">\n\t\t\t<span class=\"elementor-divider-separator\">\n\t\t\t\t\t\t<\/span>\n\t\t<\/div>\n\t\t\t\t\t\t<\/div>\n\t\t\t\t<div class=\"elementor-element elementor-element-00d1a32 elementor-widget__width-initial elementor-widget-mobile_extra__width-inherit elementor-widget-mobile__width-inherit elementor-widget elementor-widget-text-editor\" data-id=\"00d1a32\" data-element_type=\"widget\" data-widget_type=\"text-editor.default\">\n\t\t\t\t\t\t\t\t\t<p>Grup, pazar istihbarat\u0131, \u00fcretim m\u00fckemmelli\u011fi ve Ar-Ge yeteneklerinden yararlanarak \u00e7e\u015fitlendirilmi\u015f bir \u00fcr\u00fcn portf\u00f6y\u00fc geli\u015ftirerek inovasyondaki uzmanl\u0131\u011f\u0131n\u0131 s\u00fcrekli olarak g\u00f6stermi\u015ftir. Ortaya \u00e7\u0131kan trendleri belirleyerek, m\u00fc\u015fterilerle i\u015f birli\u011fi yaparak \u00f6zel \u00e7\u00f6z\u00fcmler sunmak suretiyle rekabet g\u00fcc\u00fcm\u00fcz\u00fc art\u0131r\u0131yor, de\u011fer \u00f6nerimizi g\u00fc\u00e7lendiriyor ve yeni pazarlara yay\u0131lmay\u0131 sa\u011fl\u0131yoruz.<\/p>\t\t\t\t\t\t\t\t<\/div>\n\t\t\t\t<div class=\"elementor-element elementor-element-4129a0c elementor-widget elementor-widget-image\" data-id=\"4129a0c\" data-element_type=\"widget\" data-widget_type=\"image.default\">\n\t\t\t\t\t\t\t\t\t\t\t\t\t\t\t<img fetchpriority=\"high\" decoding=\"async\" width=\"2000\" height=\"1333\" src=\"https:\/\/www.haycarb.com\/wp-content\/uploads\/2025\/03\/Innovate-1.webp\" class=\"attachment-full size-full wp-image-10428\" alt=\"\" srcset=\"https:\/\/www.haycarb.com\/wp-content\/uploads\/2025\/03\/Innovate-1.webp 2000w, https:\/\/www.haycarb.com\/wp-content\/uploads\/2025\/03\/Innovate-1-300x200.webp 300w, https:\/\/www.haycarb.com\/wp-content\/uploads\/2025\/03\/Innovate-1-1024x682.webp 1024w, https:\/\/www.haycarb.com\/wp-content\/uploads\/2025\/03\/Innovate-1-768x512.webp 768w, https:\/\/www.haycarb.com\/wp-content\/uploads\/2025\/03\/Innovate-1-1536x1024.webp 1536w\" sizes=\"(max-width: 2000px) 100vw, 2000px\" \/>\t\t\t\t\t\t\t\t\t\t\t\t\t\t\t<\/div>\n\t\t<div class=\"elementor-element elementor-element-352642f e-con-full e-flex e-con e-child\" data-id=\"352642f\" data-element_type=\"container\">\n\t\t\t\t<div class=\"elementor-element elementor-element-c9f3fb2 elementor-widget elementor-widget-heading\" data-id=\"c9f3fb2\" data-element_type=\"widget\" data-widget_type=\"heading.default\">\n\t\t\t\t\t<h4 class=\"elementor-heading-title elementor-size-default\">S\u00fcrd\u00fcr\u00fclebilir \u0130novasyon<\/h4>\t\t\t\t<\/div>\n\t\t\t\t<div class=\"elementor-element elementor-element-f1cd9ff elementor-widget elementor-widget-text-editor\" data-id=\"f1cd9ff\" data-element_type=\"widget\" data-widget_type=\"text-editor.default\">\n\t\t\t\t\t\t\t\t\tEnd\u00fcstriyel yan \u00fcr\u00fcnleri y\u00fcksek de\u011ferli, s\u00fcrd\u00fcr\u00fclebilir \u00e7\u00f6z\u00fcmlere d\u00f6n\u00fc\u015ft\u00fcrerek \u00e7e\u015fitli sekt\u00f6rlerde daha ye\u015fil bir gelece\u011fe \u00f6nc\u00fcl\u00fck ediyoruz. Geli\u015fen ESG d\u00fczenlemeleri ve d\u00fc\u015f\u00fck karbonlu ekonomiye ge\u00e7i\u015fle birlikte, su ve hava ar\u0131tman\u0131n yan\u0131 s\u0131ra enerji depolamada da g\u00fc\u00e7l\u00fc bir b\u00fcy\u00fcme potansiyeli g\u00f6r\u00fcyoruz. \u0130novasyon Politikam\u0131z, \u00fcr\u00fcn portf\u00f6y\u00fcm\u00fcz\u00fc geli\u015ftirmek ve dayan\u0131kl\u0131 bir tedarik zinciri olu\u015fturmak i\u00e7in pazar trendlerini, s\u00fcrd\u00fcr\u00fclebilirlik hedeflerini ve Ar-Ge'yi entegre etmektedir. Alternatif hammaddeler, s\u00fcrd\u00fcr\u00fclebilir s\u00fcre\u00e7ler ve d\u00f6ng\u00fcsel ekonomi ilkelerini benimseyerek kaynak verimlili\u011fini ve sosyal sorumlulu\u011fu te\u015fvik ediyoruz.\t\t\t\t\t\t\t\t<\/div>\n\t\t\t\t<div class=\"elementor-element elementor-element-b36b583 elementor-widget elementor-widget-heading\" data-id=\"b36b583\" data-element_type=\"widget\" data-widget_type=\"heading.default\">\n\t\t\t\t\t<h4 class=\"elementor-heading-title elementor-size-default\">\u00dcr\u00fcn ve S\u00fcre\u00e7 Sertifikalar\u0131<\/h4>\t\t\t\t<\/div>\n\t\t\t\t<div class=\"elementor-element elementor-element-c7cdaf8 elementor-widget elementor-widget-text-editor\" data-id=\"c7cdaf8\" data-element_type=\"widget\" data-widget_type=\"text-editor.default\">\n\t\t\t\t\t\t\t\t\tUluslararas\u0131 ve yerel sertifikalara ba\u011fl\u0131 kalarak kalite, g\u00fcvenlik ve \u00e7evre standartlar\u0131na uygunlu\u011fu sa\u011fl\u0131yoruz. Bu sertifikalar pazar eri\u015fimini, m\u00fc\u015fteri g\u00fcvenini ve mevzuata uyumu g\u00fc\u00e7lendirir. Geni\u015fledik\u00e7e, operasyonel m\u00fckemmelli\u011fi ve s\u00fcrd\u00fcr\u00fclebilirli\u011fi art\u0131rmak i\u00e7in k\u00fcresel en iyi uygulamalar\u0131 s\u00fcrekli olarak entegre ediyoruz.\t\t\t\t\t\t\t\t<\/div>\n\t\t\t\t<\/div>\n\t\t\t\t<\/div>\n\t\t<div class=\"elementor-element elementor-element-b1402a6 e-con-full animated-slow e-flex elementor-invisible e-con e-child\" data-id=\"b1402a6\" data-element_type=\"container\" data-settings=\"{&quot;sticky&quot;:&quot;top&quot;,&quot;sticky_parent&quot;:&quot;yes&quot;,&quot;animation&quot;:&quot;fadeIn&quot;,&quot;sticky_on&quot;:[&quot;widescreen&quot;,&quot;desktop&quot;,&quot;laptop&quot;,&quot;tablet_extra&quot;,&quot;tablet&quot;,&quot;mobile_extra&quot;,&quot;mobile&quot;],&quot;sticky_offset&quot;:0,&quot;sticky_effects_offset&quot;:0,&quot;sticky_anchor_link_offset&quot;:0}\">\n\t\t\t\t<div class=\"elementor-element elementor-element-be8e1b4 elementor-widget elementor-widget-heading\" data-id=\"be8e1b4\" data-element_type=\"widget\" data-widget_type=\"heading.default\">\n\t\t\t\t\t<h3 class=\"elementor-heading-title elementor-size-default\">Di\u011fer ESG S\u00fctunlar\u0131<\/h3>\t\t\t\t<\/div>\n\t\t<div class=\"elementor-element elementor-element-1e5c132 e-con-full e-flex e-con e-child\" data-id=\"1e5c132\" data-element_type=\"container\" data-settings=\"{&quot;background_background&quot;:&quot;classic&quot;}\">\n\t\t<a class=\"elementor-element elementor-element-6628d4b e-con-full e-flex e-con e-child\" data-id=\"6628d4b\" data-element_type=\"container\" data-settings=\"{&quot;background_background&quot;:&quot;classic&quot;}\" href=\"\/tr\/esg-activity\/inspire\/\">\n\t\t\t\t<div class=\"elementor-element elementor-element-002ba6c elementor-widget elementor-widget-heading\" data-id=\"002ba6c\" data-element_type=\"widget\" data-widget_type=\"heading.default\">\n\t\t\t\t\t<h4 class=\"elementor-heading-title elementor-size-default\">\u0130lham vermek<\/h4>\t\t\t\t<\/div>\n\t\t\t\t<\/a>\n\t\t<a class=\"elementor-element elementor-element-33f5769 e-con-full e-flex e-con e-child\" data-id=\"33f5769\" data-element_type=\"container\" data-settings=\"{&quot;background_background&quot;:&quot;classic&quot;}\" href=\"\/tr\/esg-activity\/excite\/\">\n\t\t\t\t<div class=\"elementor-element elementor-element-7ae715b elementor-widget elementor-widget-heading\" data-id=\"7ae715b\" data-element_type=\"widget\" data-widget_type=\"heading.default\">\n\t\t\t\t\t<h4 class=\"elementor-heading-title elementor-size-default\">Heyecanland\u0131rmak<\/h4>\t\t\t\t<\/div>\n\t\t\t\t<\/a>\n\t\t<a class=\"elementor-element elementor-element-f23fd2b e-con-full e-flex e-con e-child\" data-id=\"f23fd2b\" data-element_type=\"container\" data-settings=\"{&quot;background_background&quot;:&quot;classic&quot;}\" href=\"\/tr\/esg-activity\/uplift\/\">\n\t\t\t\t<div class=\"elementor-element elementor-element-64b1511 elementor-widget elementor-widget-heading\" data-id=\"64b1511\" data-element_type=\"widget\" data-widget_type=\"heading.default\">\n\t\t\t\t\t<h4 class=\"elementor-heading-title elementor-size-default\">Y\u00fckseli\u015f<\/h4>\t\t\t\t<\/div>\n\t\t\t\t<\/a>\n\t\t<a class=\"elementor-element elementor-element-8af0340 e-con-full e-flex e-con e-child\" data-id=\"8af0340\" data-element_type=\"container\" data-settings=\"{&quot;background_background&quot;:&quot;classic&quot;}\" href=\"\/tr\/esg-activity\/restore\/\">\n\t\t\t\t<div class=\"elementor-element elementor-element-9d82438 elementor-widget elementor-widget-heading\" data-id=\"9d82438\" data-element_type=\"widget\" data-widget_type=\"heading.default\">\n\t\t\t\t\t<h4 class=\"elementor-heading-title elementor-size-default\">Eski haline getirmek <\/h4>\t\t\t\t<\/div>\n\t\t\t\t<\/a>\n\t\t\t\t<\/div>\n\t\t\t\t<\/div>\n\t\t\t\t<\/div>\n\t\t\t\t<\/div>\n\t\t\t\t<\/div>","protected":false},"excerpt":{"rendered":"<p>Innovate Haycarb Page \u201cTransforming by-products into sustainable products, catering to diverse industries for a greener future\u201d The Group has consistently demonstrated its expertise in innovation by leveraging market intelligence, manufacturing excellence, and R&amp;D capabilities to develop a diverse product portfolio. With a strong commitment to sustainable production, we identify emerging trends, collaborate with customers to [&hellip;]<\/p>","protected":false},"author":8,"featured_media":10580,"parent":5514,"menu_order":0,"comment_status":"closed","ping_status":"closed","template":"","meta":{"_acf_changed":false,"footnotes":""},"class_list":["post-10338","page","type-page","status-publish","has-post-thumbnail","hentry"],"acf":[],"yoast_head":"<!-- This site is optimized with the Yoast SEO plugin v25.6 - https:\/\/yoast.com\/wordpress\/plugins\/seo\/ -->\n<title>Sustainable Production | Sustainable Innovations by Haycarb<\/title>\n<meta name=\"description\" content=\"Haycarb promotes sustainable production by transforming industry by-products into eco-friendly solutions, fostering innovation for a greener future.\" \/>\n<meta name=\"robots\" content=\"index, follow, max-snippet:-1, max-image-preview:large, max-video-preview:-1\" \/>\n<link rel=\"canonical\" href=\"https:\/\/www.haycarb.com\/tr\/esg-activity\/innovate\/\" \/>\n<meta property=\"og:locale\" content=\"tr_TR\" \/>\n<meta property=\"og:type\" content=\"article\" \/>\n<meta property=\"og:title\" content=\"Sustainable Production | Sustainable Innovations by Haycarb\" \/>\n<meta property=\"og:description\" content=\"Haycarb promotes sustainable production by transforming industry by-products into eco-friendly solutions, fostering innovation for a greener future.\" \/>\n<meta property=\"og:url\" content=\"https:\/\/www.haycarb.com\/tr\/esg-activity\/innovate\/\" \/>\n<meta property=\"og:site_name\" content=\"Haycarb\" \/>\n<meta property=\"article:modified_time\" content=\"2025-12-18T04:35:30+00:00\" \/>\n<meta property=\"og:image\" content=\"https:\/\/www.haycarb.com\/wp-content\/uploads\/2025\/03\/ESG-Pillar-Innovate.webp\" \/>\n\t<meta property=\"og:image:width\" content=\"2000\" \/>\n\t<meta property=\"og:image:height\" content=\"1333\" \/>\n\t<meta property=\"og:image:type\" content=\"image\/webp\" \/>\n<meta name=\"twitter:card\" content=\"summary_large_image\" \/>\n<meta name=\"twitter:label1\" content=\"Tahmini okuma s\u00fcresi\" \/>\n\t<meta name=\"twitter:data1\" content=\"1 dakika\" \/>\n<script type=\"application\/ld+json\" class=\"yoast-schema-graph\">{\"@context\":\"https:\/\/schema.org\",\"@graph\":[{\"@type\":\"WebPage\",\"@id\":\"https:\/\/www.haycarb.com\/esg-activity\/innovate\/\",\"url\":\"https:\/\/www.haycarb.com\/esg-activity\/innovate\/\",\"name\":\"Sustainable Production | Sustainable Innovations by Haycarb\",\"isPartOf\":{\"@id\":\"https:\/\/www.haycarb.com\/#website\"},\"primaryImageOfPage\":{\"@id\":\"https:\/\/www.haycarb.com\/esg-activity\/innovate\/#primaryimage\"},\"image\":{\"@id\":\"https:\/\/www.haycarb.com\/esg-activity\/innovate\/#primaryimage\"},\"thumbnailUrl\":\"https:\/\/www.haycarb.com\/wp-content\/uploads\/2025\/03\/ESG-Pillar-Innovate.webp\",\"datePublished\":\"2025-01-29T09:04:51+00:00\",\"dateModified\":\"2025-12-18T04:35:30+00:00\",\"description\":\"Haycarb promotes sustainable production by transforming industry by-products into eco-friendly solutions, fostering innovation for a greener future.\",\"breadcrumb\":{\"@id\":\"https:\/\/www.haycarb.com\/esg-activity\/innovate\/#breadcrumb\"},\"inLanguage\":\"tr\",\"potentialAction\":[{\"@type\":\"ReadAction\",\"target\":[\"https:\/\/www.haycarb.com\/esg-activity\/innovate\/\"]}]},{\"@type\":\"ImageObject\",\"inLanguage\":\"tr\",\"@id\":\"https:\/\/www.haycarb.com\/esg-activity\/innovate\/#primaryimage\",\"url\":\"https:\/\/www.haycarb.com\/wp-content\/uploads\/2025\/03\/ESG-Pillar-Innovate.webp\",\"contentUrl\":\"https:\/\/www.haycarb.com\/wp-content\/uploads\/2025\/03\/ESG-Pillar-Innovate.webp\",\"width\":2000,\"height\":1333},{\"@type\":\"BreadcrumbList\",\"@id\":\"https:\/\/www.haycarb.com\/esg-activity\/innovate\/#breadcrumb\",\"itemListElement\":[{\"@type\":\"ListItem\",\"position\":1,\"name\":\"Home\",\"item\":\"https:\/\/www.haycarb.com\/\"},{\"@type\":\"ListItem\",\"position\":2,\"name\":\"ESG\",\"item\":\"https:\/\/www.haycarb.com\/esg-activity\/\"},{\"@type\":\"ListItem\",\"position\":3,\"name\":\"Innovate\"}]},{\"@type\":\"WebSite\",\"@id\":\"https:\/\/www.haycarb.com\/#website\",\"url\":\"https:\/\/www.haycarb.com\/\",\"name\":\"Haycarb\",\"description\":\"Activated Carbon Manufacturer\",\"publisher\":{\"@id\":\"https:\/\/www.haycarb.com\/#organization\"},\"potentialAction\":[{\"@type\":\"SearchAction\",\"target\":{\"@type\":\"EntryPoint\",\"urlTemplate\":\"https:\/\/www.haycarb.com\/?s={search_term_string}\"},\"query-input\":{\"@type\":\"PropertyValueSpecification\",\"valueRequired\":true,\"valueName\":\"search_term_string\"}}],\"inLanguage\":\"tr\"},{\"@type\":\"Organization\",\"@id\":\"https:\/\/www.haycarb.com\/#organization\",\"name\":\"Haycarb\",\"url\":\"https:\/\/www.haycarb.com\/\",\"logo\":{\"@type\":\"ImageObject\",\"inLanguage\":\"tr\",\"@id\":\"https:\/\/www.haycarb.com\/#\/schema\/logo\/image\/\",\"url\":\"https:\/\/www.haycarb.com\/wp-content\/uploads\/2025\/03\/inn-2.webp\",\"contentUrl\":\"https:\/\/www.haycarb.com\/wp-content\/uploads\/2025\/03\/inn-2.webp\",\"width\":400,\"height\":194,\"caption\":\"Haycarb\"},\"image\":{\"@id\":\"https:\/\/www.haycarb.com\/#\/schema\/logo\/image\/\"}}]}<\/script>\n<!-- \/ Yoast SEO plugin. -->","yoast_head_json":{"title":"Sustainable Production | Sustainable Innovations by Haycarb","description":"Haycarb promotes sustainable production by transforming industry by-products into eco-friendly solutions, fostering innovation for a greener future.","robots":{"index":"index","follow":"follow","max-snippet":"max-snippet:-1","max-image-preview":"max-image-preview:large","max-video-preview":"max-video-preview:-1"},"canonical":"https:\/\/www.haycarb.com\/tr\/esg-activity\/innovate\/","og_locale":"tr_TR","og_type":"article","og_title":"Sustainable Production | Sustainable Innovations by Haycarb","og_description":"Haycarb promotes sustainable production by transforming industry by-products into eco-friendly solutions, fostering innovation for a greener future.","og_url":"https:\/\/www.haycarb.com\/tr\/esg-activity\/innovate\/","og_site_name":"Haycarb","article_modified_time":"2025-12-18T04:35:30+00:00","og_image":[{"width":2000,"height":1333,"url":"https:\/\/www.haycarb.com\/wp-content\/uploads\/2025\/03\/ESG-Pillar-Innovate.webp","type":"image\/webp"}],"twitter_card":"summary_large_image","twitter_misc":{"Tahmini okuma s\u00fcresi":"1 dakika"},"schema":{"@context":"https:\/\/schema.org","@graph":[{"@type":"WebPage","@id":"https:\/\/www.haycarb.com\/esg-activity\/innovate\/","url":"https:\/\/www.haycarb.com\/esg-activity\/innovate\/","name":"Sustainable Production | Sustainable Innovations by Haycarb","isPartOf":{"@id":"https:\/\/www.haycarb.com\/#website"},"primaryImageOfPage":{"@id":"https:\/\/www.haycarb.com\/esg-activity\/innovate\/#primaryimage"},"image":{"@id":"https:\/\/www.haycarb.com\/esg-activity\/innovate\/#primaryimage"},"thumbnailUrl":"https:\/\/www.haycarb.com\/wp-content\/uploads\/2025\/03\/ESG-Pillar-Innovate.webp","datePublished":"2025-01-29T09:04:51+00:00","dateModified":"2025-12-18T04:35:30+00:00","description":"Haycarb promotes sustainable production by transforming industry by-products into eco-friendly solutions, fostering innovation for a greener future.","breadcrumb":{"@id":"https:\/\/www.haycarb.com\/esg-activity\/innovate\/#breadcrumb"},"inLanguage":"tr","potentialAction":[{"@type":"ReadAction","target":["https:\/\/www.haycarb.com\/esg-activity\/innovate\/"]}]},{"@type":"ImageObject","inLanguage":"tr","@id":"https:\/\/www.haycarb.com\/esg-activity\/innovate\/#primaryimage","url":"https:\/\/www.haycarb.com\/wp-content\/uploads\/2025\/03\/ESG-Pillar-Innovate.webp","contentUrl":"https:\/\/www.haycarb.com\/wp-content\/uploads\/2025\/03\/ESG-Pillar-Innovate.webp","width":2000,"height":1333},{"@type":"BreadcrumbList","@id":"https:\/\/www.haycarb.com\/esg-activity\/innovate\/#breadcrumb","itemListElement":[{"@type":"ListItem","position":1,"name":"Home","item":"https:\/\/www.haycarb.com\/"},{"@type":"ListItem","position":2,"name":"ESG","item":"https:\/\/www.haycarb.com\/esg-activity\/"},{"@type":"ListItem","position":3,"name":"Innovate"}]},{"@type":"WebSite","@id":"https:\/\/www.haycarb.com\/#website","url":"https:\/\/www.haycarb.com\/","name":"Haycarb","description":"Activated Carbon Manufacturer","publisher":{"@id":"https:\/\/www.haycarb.com\/#organization"},"potentialAction":[{"@type":"SearchAction","target":{"@type":"EntryPoint","urlTemplate":"https:\/\/www.haycarb.com\/?s={search_term_string}"},"query-input":{"@type":"PropertyValueSpecification","valueRequired":true,"valueName":"search_term_string"}}],"inLanguage":"tr"},{"@type":"Organization","@id":"https:\/\/www.haycarb.com\/#organization","name":"Haycarb","url":"https:\/\/www.haycarb.com\/","logo":{"@type":"ImageObject","inLanguage":"tr","@id":"https:\/\/www.haycarb.com\/#\/schema\/logo\/image\/","url":"https:\/\/www.haycarb.com\/wp-content\/uploads\/2025\/03\/inn-2.webp","contentUrl":"https:\/\/www.haycarb.com\/wp-content\/uploads\/2025\/03\/inn-2.webp","width":400,"height":194,"caption":"Haycarb"},"image":{"@id":"https:\/\/www.haycarb.com\/#\/schema\/logo\/image\/"}}]}},"builder_content":"","_links":{"self":[{"href":"https:\/\/www.haycarb.com\/tr\/wp-json\/wp\/v2\/pages\/10338","targetHints":{"allow":["GET"]}}],"collection":[{"href":"https:\/\/www.haycarb.com\/tr\/wp-json\/wp\/v2\/pages"}],"about":[{"href":"https:\/\/www.haycarb.com\/tr\/wp-json\/wp\/v2\/types\/page"}],"author":[{"embeddable":true,"href":"https:\/\/www.haycarb.com\/tr\/wp-json\/wp\/v2\/users\/8"}],"replies":[{"embeddable":true,"href":"https:\/\/www.haycarb.com\/tr\/wp-json\/wp\/v2\/comments?post=10338"}],"version-history":[{"count":13,"href":"https:\/\/www.haycarb.com\/tr\/wp-json\/wp\/v2\/pages\/10338\/revisions"}],"predecessor-version":[{"id":30795,"href":"https:\/\/www.haycarb.com\/tr\/wp-json\/wp\/v2\/pages\/10338\/revisions\/30795"}],"up":[{"embeddable":true,"href":"https:\/\/www.haycarb.com\/tr\/wp-json\/wp\/v2\/pages\/5514"}],"wp:featuredmedia":[{"embeddable":true,"href":"https:\/\/www.haycarb.com\/tr\/wp-json\/wp\/v2\/media\/10580"}],"wp:attachment":[{"href":"https:\/\/www.haycarb.com\/tr\/wp-json\/wp\/v2\/media?parent=10338"}],"curies":[{"name":"wp","href":"https:\/\/api.w.org\/{rel}","templated":true}]}}