{"id":10325,"date":"2025-01-29T14:27:40","date_gmt":"2025-01-29T08:57:40","guid":{"rendered":"https:\/\/haycarb.com\/?page_id=10325"},"modified":"2025-12-18T10:13:56","modified_gmt":"2025-12-18T04:43:56","slug":"uplift","status":"publish","type":"page","link":"https:\/\/www.haycarb.com\/tr\/esg-activity\/uplift\/","title":{"rendered":"Y\u00fckseli\u015f"},"content":{"rendered":"<div data-elementor-type=\"wp-page\" data-elementor-id=\"10325\" class=\"elementor elementor-10325\" data-elementor-settings=\"{&quot;element_pack_global_tooltip_width&quot;:{&quot;unit&quot;:&quot;px&quot;,&quot;size&quot;:&quot;&quot;,&quot;sizes&quot;:[]},&quot;element_pack_global_tooltip_width_widescreen&quot;:{&quot;unit&quot;:&quot;px&quot;,&quot;size&quot;:&quot;&quot;,&quot;sizes&quot;:[]},&quot;element_pack_global_tooltip_width_laptop&quot;:{&quot;unit&quot;:&quot;px&quot;,&quot;size&quot;:&quot;&quot;,&quot;sizes&quot;:[]},&quot;element_pack_global_tooltip_width_tablet_extra&quot;:{&quot;unit&quot;:&quot;px&quot;,&quot;size&quot;:&quot;&quot;,&quot;sizes&quot;:[]},&quot;element_pack_global_tooltip_width_tablet&quot;:{&quot;unit&quot;:&quot;px&quot;,&quot;size&quot;:&quot;&quot;,&quot;sizes&quot;:[]},&quot;element_pack_global_tooltip_width_mobile_extra&quot;:{&quot;unit&quot;:&quot;px&quot;,&quot;size&quot;:&quot;&quot;,&quot;sizes&quot;:[]},&quot;element_pack_global_tooltip_width_mobile&quot;:{&quot;unit&quot;:&quot;px&quot;,&quot;size&quot;:&quot;&quot;,&quot;sizes&quot;:[]},&quot;element_pack_global_tooltip_padding&quot;:{&quot;unit&quot;:&quot;px&quot;,&quot;top&quot;:&quot;&quot;,&quot;right&quot;:&quot;&quot;,&quot;bottom&quot;:&quot;&quot;,&quot;left&quot;:&quot;&quot;,&quot;isLinked&quot;:true},&quot;element_pack_global_tooltip_padding_widescreen&quot;:{&quot;unit&quot;:&quot;px&quot;,&quot;top&quot;:&quot;&quot;,&quot;right&quot;:&quot;&quot;,&quot;bottom&quot;:&quot;&quot;,&quot;left&quot;:&quot;&quot;,&quot;isLinked&quot;:true},&quot;element_pack_global_tooltip_padding_laptop&quot;:{&quot;unit&quot;:&quot;px&quot;,&quot;top&quot;:&quot;&quot;,&quot;right&quot;:&quot;&quot;,&quot;bottom&quot;:&quot;&quot;,&quot;left&quot;:&quot;&quot;,&quot;isLinked&quot;:true},&quot;element_pack_global_tooltip_padding_tablet_extra&quot;:{&quot;unit&quot;:&quot;px&quot;,&quot;top&quot;:&quot;&quot;,&quot;right&quot;:&quot;&quot;,&quot;bottom&quot;:&quot;&quot;,&quot;left&quot;:&quot;&quot;,&quot;isLinked&quot;:true},&quot;element_pack_global_tooltip_padding_tablet&quot;:{&quot;unit&quot;:&quot;px&quot;,&quot;top&quot;:&quot;&quot;,&quot;right&quot;:&quot;&quot;,&quot;bottom&quot;:&quot;&quot;,&quot;left&quot;:&quot;&quot;,&quot;isLinked&quot;:true},&quot;element_pack_global_tooltip_padding_mobile_extra&quot;:{&quot;unit&quot;:&quot;px&quot;,&quot;top&quot;:&quot;&quot;,&quot;right&quot;:&quot;&quot;,&quot;bottom&quot;:&quot;&quot;,&quot;left&quot;:&quot;&quot;,&quot;isLinked&quot;:true},&quot;element_pack_global_tooltip_padding_mobile&quot;:{&quot;unit&quot;:&quot;px&quot;,&quot;top&quot;:&quot;&quot;,&quot;right&quot;:&quot;&quot;,&quot;bottom&quot;:&quot;&quot;,&quot;left&quot;:&quot;&quot;,&quot;isLinked&quot;:true},&quot;element_pack_global_tooltip_border_radius&quot;:{&quot;unit&quot;:&quot;px&quot;,&quot;top&quot;:&quot;&quot;,&quot;right&quot;:&quot;&quot;,&quot;bottom&quot;:&quot;&quot;,&quot;left&quot;:&quot;&quot;,&quot;isLinked&quot;:true},&quot;element_pack_global_tooltip_border_radius_widescreen&quot;:{&quot;unit&quot;:&quot;px&quot;,&quot;top&quot;:&quot;&quot;,&quot;right&quot;:&quot;&quot;,&quot;bottom&quot;:&quot;&quot;,&quot;left&quot;:&quot;&quot;,&quot;isLinked&quot;:true},&quot;element_pack_global_tooltip_border_radius_laptop&quot;:{&quot;unit&quot;:&quot;px&quot;,&quot;top&quot;:&quot;&quot;,&quot;right&quot;:&quot;&quot;,&quot;bottom&quot;:&quot;&quot;,&quot;left&quot;:&quot;&quot;,&quot;isLinked&quot;:true},&quot;element_pack_global_tooltip_border_radius_tablet_extra&quot;:{&quot;unit&quot;:&quot;px&quot;,&quot;top&quot;:&quot;&quot;,&quot;right&quot;:&quot;&quot;,&quot;bottom&quot;:&quot;&quot;,&quot;left&quot;:&quot;&quot;,&quot;isLinked&quot;:true},&quot;element_pack_global_tooltip_border_radius_tablet&quot;:{&quot;unit&quot;:&quot;px&quot;,&quot;top&quot;:&quot;&quot;,&quot;right&quot;:&quot;&quot;,&quot;bottom&quot;:&quot;&quot;,&quot;left&quot;:&quot;&quot;,&quot;isLinked&quot;:true},&quot;element_pack_global_tooltip_border_radius_mobile_extra&quot;:{&quot;unit&quot;:&quot;px&quot;,&quot;top&quot;:&quot;&quot;,&quot;right&quot;:&quot;&quot;,&quot;bottom&quot;:&quot;&quot;,&quot;left&quot;:&quot;&quot;,&quot;isLinked&quot;:true},&quot;element_pack_global_tooltip_border_radius_mobile&quot;:{&quot;unit&quot;:&quot;px&quot;,&quot;top&quot;:&quot;&quot;,&quot;right&quot;:&quot;&quot;,&quot;bottom&quot;:&quot;&quot;,&quot;left&quot;:&quot;&quot;,&quot;isLinked&quot;:true}}\" data-elementor-post-type=\"page\">\n\t\t\t\t<div class=\"elementor-element elementor-element-53d9dc5 e-flex e-con-boxed e-con e-parent\" data-id=\"53d9dc5\" data-element_type=\"container\" data-settings=\"{&quot;background_background&quot;:&quot;classic&quot;}\">\n\t\t\t\t\t<div class=\"e-con-inner\">\n\t\t\t\t<div class=\"elementor-element elementor-element-88c6478 elementor-widget elementor-widget-heading\" data-id=\"88c6478\" data-element_type=\"widget\" data-widget_type=\"heading.default\">\n\t\t\t\t\t<h1 class=\"elementor-heading-title elementor-size-default\">Y\u00fckseli\u015f<\/h1>\t\t\t\t<\/div>\n\t\t\t\t<div class=\"elementor-element elementor-element-eac5fe6 elementor-widget elementor-widget-bdt-breadcrumbs\" data-id=\"eac5fe6\" data-element_type=\"widget\" data-widget_type=\"bdt-breadcrumbs.default\">\n\t\t\t\t\t<div class='bdt-ep-breadcrumbs-wrapper'><ul class=\"bdt-ep-breadcrumb breadcrumb-align-left\"><li><a href=\"https:\/\/www.haycarb.com\/tr\/\">Haycarb<\/a><\/li>\n<li><span> Sayfa<\/span><\/li>\n<\/ul><\/div>\t\t\t\t<\/div>\n\t\t\t\t\t<\/div>\n\t\t\t\t<\/div>\n\t\t<div data-bdt-parallax=\"border-color: #D11111,#AFAFAF;\" class=\"elementor-element elementor-element-9145c16 e-flex e-con-boxed e-con e-parent\" data-id=\"9145c16\" data-element_type=\"container\" data-settings=\"{&quot;background_background&quot;:&quot;classic&quot;}\">\n\t\t\t\t\t<div class=\"e-con-inner\">\n\t\t\t\t<div class=\"elementor-element elementor-element-6ca9c79 elementor-widget elementor-widget-spacer\" data-id=\"6ca9c79\" data-element_type=\"widget\" data-widget_type=\"spacer.default\">\n\t\t\t\t\t\t\t<div class=\"elementor-spacer\">\n\t\t\t<div class=\"elementor-spacer-inner\"><\/div>\n\t\t<\/div>\n\t\t\t\t\t\t<\/div>\n\t\t\t\t\t<\/div>\n\t\t\t\t<\/div>\n\t\t<div class=\"elementor-element elementor-element-9bbecce e-con-full e-flex e-con e-parent\" data-id=\"9bbecce\" data-element_type=\"container\">\n\t\t<div class=\"elementor-element elementor-element-a5099b9 e-con-full e-flex e-con e-child\" data-id=\"a5099b9\" data-element_type=\"container\">\n\t\t<div class=\"elementor-element elementor-element-5cd437c e-con-full e-flex e-con e-child\" data-id=\"5cd437c\" data-element_type=\"container\">\n\t\t\t\t<div class=\"elementor-element elementor-element-dcea3e4 elementor-widget elementor-widget-heading\" data-id=\"dcea3e4\" data-element_type=\"widget\" data-widget_type=\"heading.default\">\n\t\t\t\t\t<h2 class=\"elementor-heading-title elementor-size-default\">\u201cAnlaml\u0131 ve etkili kalk\u0131nma yoluyla topluluklar\u0131m\u0131z\u0131 ve tedarik\u00e7ilerimizi g\u00fc\u00e7lendirmek\u201d<\/h2>\t\t\t\t<\/div>\n\t\t\t\t<div class=\"elementor-element elementor-element-84b4170 elementor-widget-divider--view-line elementor-widget elementor-widget-divider\" data-id=\"84b4170\" data-element_type=\"widget\" data-widget_type=\"divider.default\">\n\t\t\t\t\t\t\t<div class=\"elementor-divider\">\n\t\t\t<span class=\"elementor-divider-separator\">\n\t\t\t\t\t\t<\/span>\n\t\t<\/div>\n\t\t\t\t\t\t<\/div>\n\t\t\t\t<div class=\"elementor-element elementor-element-00d1a32 elementor-widget__width-initial elementor-widget-mobile_extra__width-inherit elementor-widget-mobile__width-inherit elementor-widget elementor-widget-text-editor\" data-id=\"00d1a32\" data-element_type=\"widget\" data-widget_type=\"text-editor.default\">\n\t\t\t\t\t\t\t\t\t<p>K\u00fcresel olarak entegre bir de\u011fer zincirine ve Sri Lanka, Endonezya ve Tayland'da k\u00f6kl\u00fc bir varl\u0131\u011fa sahip olarak, tedarik\u00e7ileri ve topluluklar\u0131 desteklemeye kararl\u0131y\u0131z. De\u011fer yaratarak, s\u00fcrd\u00fcr\u00fclebilir uygulamalar\u0131 te\u015fvik ederek ve yerel ge\u00e7im kaynaklar\u0131n\u0131 g\u00fc\u00e7lendirerek, anlaml\u0131 bir etki ve uzun vadeli refah sa\u011fl\u0131yoruz.<\/p>\t\t\t\t\t\t\t\t<\/div>\n\t\t\t\t<div class=\"elementor-element elementor-element-4129a0c elementor-widget elementor-widget-image\" data-id=\"4129a0c\" data-element_type=\"widget\" data-widget_type=\"image.default\">\n\t\t\t\t\t\t\t\t\t\t\t\t\t\t\t<img fetchpriority=\"high\" decoding=\"async\" width=\"2000\" height=\"1333\" src=\"https:\/\/www.haycarb.com\/wp-content\/uploads\/2025\/03\/Uplift.webp\" class=\"attachment-full size-full wp-image-10426\" alt=\"\" srcset=\"https:\/\/www.haycarb.com\/wp-content\/uploads\/2025\/03\/Uplift.webp 2000w, https:\/\/www.haycarb.com\/wp-content\/uploads\/2025\/03\/Uplift-300x200.webp 300w, https:\/\/www.haycarb.com\/wp-content\/uploads\/2025\/03\/Uplift-1024x682.webp 1024w, https:\/\/www.haycarb.com\/wp-content\/uploads\/2025\/03\/Uplift-768x512.webp 768w, https:\/\/www.haycarb.com\/wp-content\/uploads\/2025\/03\/Uplift-1536x1024.webp 1536w\" sizes=\"(max-width: 2000px) 100vw, 2000px\" \/>\t\t\t\t\t\t\t\t\t\t\t\t\t\t\t<\/div>\n\t\t<div class=\"elementor-element elementor-element-352642f e-con-full e-flex e-con e-child\" data-id=\"352642f\" data-element_type=\"container\">\n\t\t\t\t<div class=\"elementor-element elementor-element-c9f3fb2 elementor-widget elementor-widget-heading\" data-id=\"c9f3fb2\" data-element_type=\"widget\" data-widget_type=\"heading.default\">\n\t\t\t\t\t<h4 class=\"elementor-heading-title elementor-size-default\">Tedarik\u00e7i \u0130li\u015fkileri<\/h4>\t\t\t\t<\/div>\n\t\t\t\t<div class=\"elementor-element elementor-element-f1cd9ff elementor-widget elementor-widget-text-editor\" data-id=\"f1cd9ff\" data-element_type=\"widget\" data-widget_type=\"text-editor.default\">\n\t\t\t\t\t\t\t\t\t<p>Haycarb'da tedarik\u00e7i ili\u015fkileri, sorumlu de\u011fer yaratmay\u0131, s\u00fcrd\u00fcr\u00fclebilirli\u011fi ve uzun vadeli i\u015f birli\u011fini \u00f6nceliklendiren Tedarik Politikam\u0131z taraf\u0131ndan y\u00f6nlendirilmektedir. Yap\u0131land\u0131r\u0131lm\u0131\u015f se\u00e7im kriterleri, d\u00fczenli denetimler ve kapasite geli\u015ftirme giri\u015fimleri arac\u0131l\u0131\u011f\u0131yla, s\u00fcrd\u00fcr\u00fclebilir b\u00fcy\u00fcmeyi te\u015fvik ederken ve tedarik\u00e7ilerin ge\u00e7im kaynaklar\u0131n\u0131 iyile\u015ftirirken tedarik zinciri dayan\u0131kl\u0131l\u0131\u011f\u0131n\u0131 g\u00fc\u00e7lendiriyoruz.<\/p>\t\t\t\t\t\t\t\t<\/div>\n\t\t\t\t<div class=\"elementor-element elementor-element-b36b583 elementor-widget elementor-widget-heading\" data-id=\"b36b583\" data-element_type=\"widget\" data-widget_type=\"heading.default\">\n\t\t\t\t\t<h4 class=\"elementor-heading-title elementor-size-default\">Topluluk Geli\u015fimi<\/h4>\t\t\t\t<\/div>\n\t\t\t\t<div class=\"elementor-element elementor-element-c7cdaf8 elementor-widget elementor-widget-text-editor\" data-id=\"c7cdaf8\" data-element_type=\"widget\" data-widget_type=\"text-editor.default\">\n\t\t\t\t\t\t\t\t\tOlumlu de\u011fi\u015fim sa\u011flayan stratejik, uzun vadeli Kurumsal Sosyal Sorumluluk giri\u015fimleri arac\u0131l\u0131\u011f\u0131yla anlaml\u0131 topluluk ortakl\u0131klar\u0131 geli\u015ftiriyoruz. Hayleys Group Topluluk \u0130li\u015fkileri Politikas\u0131 rehberli\u011finde, \u00e7al\u0131\u015fmalar\u0131m\u0131z e\u011fitim, sa\u011fl\u0131k, k\u00fclt\u00fcr ve ge\u00e7im kayna\u011f\u0131 geli\u015ftirme alanlar\u0131na odaklanarak hizmet verdi\u011fimiz topluluklarda kal\u0131c\u0131 etki yaratmay\u0131 ama\u00e7lamaktad\u0131r.\t\t\t\t\t\t\t\t<\/div>\n\t\t\t\t<\/div>\n\t\t\t\t<\/div>\n\t\t<div class=\"elementor-element elementor-element-b1402a6 e-con-full animated-slow e-flex elementor-invisible e-con e-child\" data-id=\"b1402a6\" data-element_type=\"container\" data-settings=\"{&quot;sticky&quot;:&quot;top&quot;,&quot;sticky_parent&quot;:&quot;yes&quot;,&quot;animation&quot;:&quot;fadeIn&quot;,&quot;sticky_on&quot;:[&quot;widescreen&quot;,&quot;desktop&quot;,&quot;laptop&quot;,&quot;tablet_extra&quot;,&quot;tablet&quot;,&quot;mobile_extra&quot;,&quot;mobile&quot;],&quot;sticky_offset&quot;:0,&quot;sticky_effects_offset&quot;:0,&quot;sticky_anchor_link_offset&quot;:0}\">\n\t\t\t\t<div class=\"elementor-element elementor-element-be8e1b4 elementor-widget elementor-widget-heading\" data-id=\"be8e1b4\" data-element_type=\"widget\" data-widget_type=\"heading.default\">\n\t\t\t\t\t<h3 class=\"elementor-heading-title elementor-size-default\">Di\u011fer ESG S\u00fctunlar\u0131<\/h3>\t\t\t\t<\/div>\n\t\t<div class=\"elementor-element elementor-element-1e5c132 e-con-full e-flex e-con e-child\" data-id=\"1e5c132\" data-element_type=\"container\" data-settings=\"{&quot;background_background&quot;:&quot;classic&quot;}\">\n\t\t<a class=\"elementor-element elementor-element-6628d4b e-con-full e-flex e-con e-child\" data-id=\"6628d4b\" data-element_type=\"container\" data-settings=\"{&quot;background_background&quot;:&quot;classic&quot;}\" href=\"\/tr\/esg-activity\/inspire\/\">\n\t\t\t\t<div class=\"elementor-element elementor-element-002ba6c elementor-widget elementor-widget-heading\" data-id=\"002ba6c\" data-element_type=\"widget\" data-widget_type=\"heading.default\">\n\t\t\t\t\t<h4 class=\"elementor-heading-title elementor-size-default\">\u0130lham vermek<\/h4>\t\t\t\t<\/div>\n\t\t\t\t<\/a>\n\t\t<a class=\"elementor-element elementor-element-33f5769 e-con-full e-flex e-con e-child\" data-id=\"33f5769\" data-element_type=\"container\" data-settings=\"{&quot;background_background&quot;:&quot;classic&quot;}\" href=\"\/tr\/esg-activity\/excite\/\">\n\t\t\t\t<div class=\"elementor-element elementor-element-7ae715b elementor-widget elementor-widget-heading\" data-id=\"7ae715b\" data-element_type=\"widget\" data-widget_type=\"heading.default\">\n\t\t\t\t\t<h4 class=\"elementor-heading-title elementor-size-default\">Heyecanland\u0131rmak<\/h4>\t\t\t\t<\/div>\n\t\t\t\t<\/a>\n\t\t<a class=\"elementor-element elementor-element-f23fd2b e-con-full e-flex e-con e-child\" data-id=\"f23fd2b\" data-element_type=\"container\" data-settings=\"{&quot;background_background&quot;:&quot;classic&quot;}\" href=\"\/tr\/esg-activity\/restore\/\">\n\t\t\t\t<div class=\"elementor-element elementor-element-64b1511 elementor-widget elementor-widget-heading\" data-id=\"64b1511\" data-element_type=\"widget\" data-widget_type=\"heading.default\">\n\t\t\t\t\t<h4 class=\"elementor-heading-title elementor-size-default\">Eski haline getirmek<\/h4>\t\t\t\t<\/div>\n\t\t\t\t<\/a>\n\t\t<a class=\"elementor-element elementor-element-8af0340 e-con-full e-flex e-con e-child\" data-id=\"8af0340\" data-element_type=\"container\" data-settings=\"{&quot;background_background&quot;:&quot;classic&quot;}\" href=\"\/tr\/esg-activity\/innovate\/\">\n\t\t\t\t<div class=\"elementor-element elementor-element-9d82438 elementor-widget elementor-widget-heading\" data-id=\"9d82438\" data-element_type=\"widget\" data-widget_type=\"heading.default\">\n\t\t\t\t\t<h4 class=\"elementor-heading-title elementor-size-default\">Yenilik yap\u0131n<\/h4>\t\t\t\t<\/div>\n\t\t\t\t<\/a>\n\t\t\t\t<\/div>\n\t\t\t\t<\/div>\n\t\t\t\t<\/div>\n\t\t\t\t<\/div>\n\t\t\t\t<\/div>","protected":false},"excerpt":{"rendered":"<p>Uplift Haycarb Page \u201cUplift our communities and suppliers through meaningful and impactful development\u201d With a globally integrated value chain and deep-rooted presence in Sri Lanka, Indonesia, and Thailand, we are committed to uplifting suppliers and communities. Through active community collaboration, we create value, foster sustainable practices and empower local livelihoods, driving meaningful impact and long-term [&hellip;]<\/p>","protected":false},"author":8,"featured_media":10579,"parent":5514,"menu_order":0,"comment_status":"closed","ping_status":"closed","template":"","meta":{"_acf_changed":false,"footnotes":""},"class_list":["post-10325","page","type-page","status-publish","has-post-thumbnail","hentry"],"acf":[],"yoast_head":"<!-- This site is optimized with the Yoast SEO plugin v25.6 - https:\/\/yoast.com\/wordpress\/plugins\/seo\/ -->\n<title>Community Collaboration | Haycarb PLC<\/title>\n<meta name=\"description\" content=\"Explore our impactful community collaboration projects, uplifting communities and suppliers through meaningful development initiatives.\" \/>\n<meta name=\"robots\" content=\"index, follow, max-snippet:-1, max-image-preview:large, max-video-preview:-1\" \/>\n<link rel=\"canonical\" href=\"https:\/\/www.haycarb.com\/tr\/esg-activity\/uplift\/\" \/>\n<meta property=\"og:locale\" content=\"tr_TR\" \/>\n<meta property=\"og:type\" content=\"article\" \/>\n<meta property=\"og:title\" content=\"Community Collaboration | Haycarb PLC\" \/>\n<meta property=\"og:description\" content=\"Explore our impactful community collaboration projects, uplifting communities and suppliers through meaningful development initiatives.\" \/>\n<meta property=\"og:url\" content=\"https:\/\/www.haycarb.com\/tr\/esg-activity\/uplift\/\" \/>\n<meta property=\"og:site_name\" content=\"Haycarb\" \/>\n<meta property=\"article:modified_time\" content=\"2025-12-18T04:43:56+00:00\" \/>\n<meta property=\"og:image\" content=\"https:\/\/www.haycarb.com\/wp-content\/uploads\/2025\/03\/Uplift-1.webp\" \/>\n\t<meta property=\"og:image:width\" content=\"2000\" \/>\n\t<meta property=\"og:image:height\" content=\"1333\" \/>\n\t<meta property=\"og:image:type\" content=\"image\/webp\" \/>\n<meta name=\"twitter:card\" content=\"summary_large_image\" \/>\n<meta name=\"twitter:label1\" content=\"Tahmini okuma s\u00fcresi\" \/>\n\t<meta name=\"twitter:data1\" content=\"1 dakika\" \/>\n<script type=\"application\/ld+json\" class=\"yoast-schema-graph\">{\"@context\":\"https:\/\/schema.org\",\"@graph\":[{\"@type\":\"WebPage\",\"@id\":\"https:\/\/www.haycarb.com\/esg-activity\/uplift\/\",\"url\":\"https:\/\/www.haycarb.com\/esg-activity\/uplift\/\",\"name\":\"Community Collaboration | Haycarb PLC\",\"isPartOf\":{\"@id\":\"https:\/\/www.haycarb.com\/#website\"},\"primaryImageOfPage\":{\"@id\":\"https:\/\/www.haycarb.com\/esg-activity\/uplift\/#primaryimage\"},\"image\":{\"@id\":\"https:\/\/www.haycarb.com\/esg-activity\/uplift\/#primaryimage\"},\"thumbnailUrl\":\"https:\/\/www.haycarb.com\/wp-content\/uploads\/2025\/03\/Uplift-1.webp\",\"datePublished\":\"2025-01-29T08:57:40+00:00\",\"dateModified\":\"2025-12-18T04:43:56+00:00\",\"description\":\"Explore our impactful community collaboration projects, uplifting communities and suppliers through meaningful development initiatives.\",\"breadcrumb\":{\"@id\":\"https:\/\/www.haycarb.com\/esg-activity\/uplift\/#breadcrumb\"},\"inLanguage\":\"tr\",\"potentialAction\":[{\"@type\":\"ReadAction\",\"target\":[\"https:\/\/www.haycarb.com\/esg-activity\/uplift\/\"]}]},{\"@type\":\"ImageObject\",\"inLanguage\":\"tr\",\"@id\":\"https:\/\/www.haycarb.com\/esg-activity\/uplift\/#primaryimage\",\"url\":\"https:\/\/www.haycarb.com\/wp-content\/uploads\/2025\/03\/Uplift-1.webp\",\"contentUrl\":\"https:\/\/www.haycarb.com\/wp-content\/uploads\/2025\/03\/Uplift-1.webp\",\"width\":2000,\"height\":1333},{\"@type\":\"BreadcrumbList\",\"@id\":\"https:\/\/www.haycarb.com\/esg-activity\/uplift\/#breadcrumb\",\"itemListElement\":[{\"@type\":\"ListItem\",\"position\":1,\"name\":\"Home\",\"item\":\"https:\/\/www.haycarb.com\/\"},{\"@type\":\"ListItem\",\"position\":2,\"name\":\"ESG\",\"item\":\"https:\/\/www.haycarb.com\/esg-activity\/\"},{\"@type\":\"ListItem\",\"position\":3,\"name\":\"Uplift\"}]},{\"@type\":\"WebSite\",\"@id\":\"https:\/\/www.haycarb.com\/#website\",\"url\":\"https:\/\/www.haycarb.com\/\",\"name\":\"Haycarb\",\"description\":\"Activated Carbon Manufacturer\",\"publisher\":{\"@id\":\"https:\/\/www.haycarb.com\/#organization\"},\"potentialAction\":[{\"@type\":\"SearchAction\",\"target\":{\"@type\":\"EntryPoint\",\"urlTemplate\":\"https:\/\/www.haycarb.com\/?s={search_term_string}\"},\"query-input\":{\"@type\":\"PropertyValueSpecification\",\"valueRequired\":true,\"valueName\":\"search_term_string\"}}],\"inLanguage\":\"tr\"},{\"@type\":\"Organization\",\"@id\":\"https:\/\/www.haycarb.com\/#organization\",\"name\":\"Haycarb\",\"url\":\"https:\/\/www.haycarb.com\/\",\"logo\":{\"@type\":\"ImageObject\",\"inLanguage\":\"tr\",\"@id\":\"https:\/\/www.haycarb.com\/#\/schema\/logo\/image\/\",\"url\":\"https:\/\/www.haycarb.com\/wp-content\/uploads\/2025\/03\/inn-2.webp\",\"contentUrl\":\"https:\/\/www.haycarb.com\/wp-content\/uploads\/2025\/03\/inn-2.webp\",\"width\":400,\"height\":194,\"caption\":\"Haycarb\"},\"image\":{\"@id\":\"https:\/\/www.haycarb.com\/#\/schema\/logo\/image\/\"}}]}<\/script>\n<!-- \/ Yoast SEO plugin. -->","yoast_head_json":{"title":"Community Collaboration | Haycarb PLC","description":"Explore our impactful community collaboration projects, uplifting communities and suppliers through meaningful development initiatives.","robots":{"index":"index","follow":"follow","max-snippet":"max-snippet:-1","max-image-preview":"max-image-preview:large","max-video-preview":"max-video-preview:-1"},"canonical":"https:\/\/www.haycarb.com\/tr\/esg-activity\/uplift\/","og_locale":"tr_TR","og_type":"article","og_title":"Community Collaboration | Haycarb PLC","og_description":"Explore our impactful community collaboration projects, uplifting communities and suppliers through meaningful development initiatives.","og_url":"https:\/\/www.haycarb.com\/tr\/esg-activity\/uplift\/","og_site_name":"Haycarb","article_modified_time":"2025-12-18T04:43:56+00:00","og_image":[{"width":2000,"height":1333,"url":"https:\/\/www.haycarb.com\/wp-content\/uploads\/2025\/03\/Uplift-1.webp","type":"image\/webp"}],"twitter_card":"summary_large_image","twitter_misc":{"Tahmini okuma s\u00fcresi":"1 dakika"},"schema":{"@context":"https:\/\/schema.org","@graph":[{"@type":"WebPage","@id":"https:\/\/www.haycarb.com\/esg-activity\/uplift\/","url":"https:\/\/www.haycarb.com\/esg-activity\/uplift\/","name":"Community Collaboration | Haycarb PLC","isPartOf":{"@id":"https:\/\/www.haycarb.com\/#website"},"primaryImageOfPage":{"@id":"https:\/\/www.haycarb.com\/esg-activity\/uplift\/#primaryimage"},"image":{"@id":"https:\/\/www.haycarb.com\/esg-activity\/uplift\/#primaryimage"},"thumbnailUrl":"https:\/\/www.haycarb.com\/wp-content\/uploads\/2025\/03\/Uplift-1.webp","datePublished":"2025-01-29T08:57:40+00:00","dateModified":"2025-12-18T04:43:56+00:00","description":"Explore our impactful community collaboration projects, uplifting communities and suppliers through meaningful development initiatives.","breadcrumb":{"@id":"https:\/\/www.haycarb.com\/esg-activity\/uplift\/#breadcrumb"},"inLanguage":"tr","potentialAction":[{"@type":"ReadAction","target":["https:\/\/www.haycarb.com\/esg-activity\/uplift\/"]}]},{"@type":"ImageObject","inLanguage":"tr","@id":"https:\/\/www.haycarb.com\/esg-activity\/uplift\/#primaryimage","url":"https:\/\/www.haycarb.com\/wp-content\/uploads\/2025\/03\/Uplift-1.webp","contentUrl":"https:\/\/www.haycarb.com\/wp-content\/uploads\/2025\/03\/Uplift-1.webp","width":2000,"height":1333},{"@type":"BreadcrumbList","@id":"https:\/\/www.haycarb.com\/esg-activity\/uplift\/#breadcrumb","itemListElement":[{"@type":"ListItem","position":1,"name":"Home","item":"https:\/\/www.haycarb.com\/"},{"@type":"ListItem","position":2,"name":"ESG","item":"https:\/\/www.haycarb.com\/esg-activity\/"},{"@type":"ListItem","position":3,"name":"Uplift"}]},{"@type":"WebSite","@id":"https:\/\/www.haycarb.com\/#website","url":"https:\/\/www.haycarb.com\/","name":"Haycarb","description":"Activated Carbon Manufacturer","publisher":{"@id":"https:\/\/www.haycarb.com\/#organization"},"potentialAction":[{"@type":"SearchAction","target":{"@type":"EntryPoint","urlTemplate":"https:\/\/www.haycarb.com\/?s={search_term_string}"},"query-input":{"@type":"PropertyValueSpecification","valueRequired":true,"valueName":"search_term_string"}}],"inLanguage":"tr"},{"@type":"Organization","@id":"https:\/\/www.haycarb.com\/#organization","name":"Haycarb","url":"https:\/\/www.haycarb.com\/","logo":{"@type":"ImageObject","inLanguage":"tr","@id":"https:\/\/www.haycarb.com\/#\/schema\/logo\/image\/","url":"https:\/\/www.haycarb.com\/wp-content\/uploads\/2025\/03\/inn-2.webp","contentUrl":"https:\/\/www.haycarb.com\/wp-content\/uploads\/2025\/03\/inn-2.webp","width":400,"height":194,"caption":"Haycarb"},"image":{"@id":"https:\/\/www.haycarb.com\/#\/schema\/logo\/image\/"}}]}},"builder_content":"","_links":{"self":[{"href":"https:\/\/www.haycarb.com\/tr\/wp-json\/wp\/v2\/pages\/10325","targetHints":{"allow":["GET"]}}],"collection":[{"href":"https:\/\/www.haycarb.com\/tr\/wp-json\/wp\/v2\/pages"}],"about":[{"href":"https:\/\/www.haycarb.com\/tr\/wp-json\/wp\/v2\/types\/page"}],"author":[{"embeddable":true,"href":"https:\/\/www.haycarb.com\/tr\/wp-json\/wp\/v2\/users\/8"}],"replies":[{"embeddable":true,"href":"https:\/\/www.haycarb.com\/tr\/wp-json\/wp\/v2\/comments?post=10325"}],"version-history":[{"count":4,"href":"https:\/\/www.haycarb.com\/tr\/wp-json\/wp\/v2\/pages\/10325\/revisions"}],"predecessor-version":[{"id":30807,"href":"https:\/\/www.haycarb.com\/tr\/wp-json\/wp\/v2\/pages\/10325\/revisions\/30807"}],"up":[{"embeddable":true,"href":"https:\/\/www.haycarb.com\/tr\/wp-json\/wp\/v2\/pages\/5514"}],"wp:featuredmedia":[{"embeddable":true,"href":"https:\/\/www.haycarb.com\/tr\/wp-json\/wp\/v2\/media\/10579"}],"wp:attachment":[{"href":"https:\/\/www.haycarb.com\/tr\/wp-json\/wp\/v2\/media?parent=10325"}],"curies":[{"name":"wp","href":"https:\/\/api.w.org\/{rel}","templated":true}]}}