{"id":10283,"date":"2025-01-29T08:47:00","date_gmt":"2025-01-29T03:17:00","guid":{"rendered":"https:\/\/haycarb.com\/?page_id=10283"},"modified":"2025-12-18T10:10:43","modified_gmt":"2025-12-18T04:40:43","slug":"excite","status":"publish","type":"page","link":"https:\/\/www.haycarb.com\/tr\/esg-activity\/excite\/","title":{"rendered":"Heyecanland\u0131rmak"},"content":{"rendered":"<div data-elementor-type=\"wp-page\" data-elementor-id=\"10283\" class=\"elementor elementor-10283\" data-elementor-settings=\"{&quot;element_pack_global_tooltip_width&quot;:{&quot;unit&quot;:&quot;px&quot;,&quot;size&quot;:&quot;&quot;,&quot;sizes&quot;:[]},&quot;element_pack_global_tooltip_width_widescreen&quot;:{&quot;unit&quot;:&quot;px&quot;,&quot;size&quot;:&quot;&quot;,&quot;sizes&quot;:[]},&quot;element_pack_global_tooltip_width_laptop&quot;:{&quot;unit&quot;:&quot;px&quot;,&quot;size&quot;:&quot;&quot;,&quot;sizes&quot;:[]},&quot;element_pack_global_tooltip_width_tablet_extra&quot;:{&quot;unit&quot;:&quot;px&quot;,&quot;size&quot;:&quot;&quot;,&quot;sizes&quot;:[]},&quot;element_pack_global_tooltip_width_tablet&quot;:{&quot;unit&quot;:&quot;px&quot;,&quot;size&quot;:&quot;&quot;,&quot;sizes&quot;:[]},&quot;element_pack_global_tooltip_width_mobile_extra&quot;:{&quot;unit&quot;:&quot;px&quot;,&quot;size&quot;:&quot;&quot;,&quot;sizes&quot;:[]},&quot;element_pack_global_tooltip_width_mobile&quot;:{&quot;unit&quot;:&quot;px&quot;,&quot;size&quot;:&quot;&quot;,&quot;sizes&quot;:[]},&quot;element_pack_global_tooltip_padding&quot;:{&quot;unit&quot;:&quot;px&quot;,&quot;top&quot;:&quot;&quot;,&quot;right&quot;:&quot;&quot;,&quot;bottom&quot;:&quot;&quot;,&quot;left&quot;:&quot;&quot;,&quot;isLinked&quot;:true},&quot;element_pack_global_tooltip_padding_widescreen&quot;:{&quot;unit&quot;:&quot;px&quot;,&quot;top&quot;:&quot;&quot;,&quot;right&quot;:&quot;&quot;,&quot;bottom&quot;:&quot;&quot;,&quot;left&quot;:&quot;&quot;,&quot;isLinked&quot;:true},&quot;element_pack_global_tooltip_padding_laptop&quot;:{&quot;unit&quot;:&quot;px&quot;,&quot;top&quot;:&quot;&quot;,&quot;right&quot;:&quot;&quot;,&quot;bottom&quot;:&quot;&quot;,&quot;left&quot;:&quot;&quot;,&quot;isLinked&quot;:true},&quot;element_pack_global_tooltip_padding_tablet_extra&quot;:{&quot;unit&quot;:&quot;px&quot;,&quot;top&quot;:&quot;&quot;,&quot;right&quot;:&quot;&quot;,&quot;bottom&quot;:&quot;&quot;,&quot;left&quot;:&quot;&quot;,&quot;isLinked&quot;:true},&quot;element_pack_global_tooltip_padding_tablet&quot;:{&quot;unit&quot;:&quot;px&quot;,&quot;top&quot;:&quot;&quot;,&quot;right&quot;:&quot;&quot;,&quot;bottom&quot;:&quot;&quot;,&quot;left&quot;:&quot;&quot;,&quot;isLinked&quot;:true},&quot;element_pack_global_tooltip_padding_mobile_extra&quot;:{&quot;unit&quot;:&quot;px&quot;,&quot;top&quot;:&quot;&quot;,&quot;right&quot;:&quot;&quot;,&quot;bottom&quot;:&quot;&quot;,&quot;left&quot;:&quot;&quot;,&quot;isLinked&quot;:true},&quot;element_pack_global_tooltip_padding_mobile&quot;:{&quot;unit&quot;:&quot;px&quot;,&quot;top&quot;:&quot;&quot;,&quot;right&quot;:&quot;&quot;,&quot;bottom&quot;:&quot;&quot;,&quot;left&quot;:&quot;&quot;,&quot;isLinked&quot;:true},&quot;element_pack_global_tooltip_border_radius&quot;:{&quot;unit&quot;:&quot;px&quot;,&quot;top&quot;:&quot;&quot;,&quot;right&quot;:&quot;&quot;,&quot;bottom&quot;:&quot;&quot;,&quot;left&quot;:&quot;&quot;,&quot;isLinked&quot;:true},&quot;element_pack_global_tooltip_border_radius_widescreen&quot;:{&quot;unit&quot;:&quot;px&quot;,&quot;top&quot;:&quot;&quot;,&quot;right&quot;:&quot;&quot;,&quot;bottom&quot;:&quot;&quot;,&quot;left&quot;:&quot;&quot;,&quot;isLinked&quot;:true},&quot;element_pack_global_tooltip_border_radius_laptop&quot;:{&quot;unit&quot;:&quot;px&quot;,&quot;top&quot;:&quot;&quot;,&quot;right&quot;:&quot;&quot;,&quot;bottom&quot;:&quot;&quot;,&quot;left&quot;:&quot;&quot;,&quot;isLinked&quot;:true},&quot;element_pack_global_tooltip_border_radius_tablet_extra&quot;:{&quot;unit&quot;:&quot;px&quot;,&quot;top&quot;:&quot;&quot;,&quot;right&quot;:&quot;&quot;,&quot;bottom&quot;:&quot;&quot;,&quot;left&quot;:&quot;&quot;,&quot;isLinked&quot;:true},&quot;element_pack_global_tooltip_border_radius_tablet&quot;:{&quot;unit&quot;:&quot;px&quot;,&quot;top&quot;:&quot;&quot;,&quot;right&quot;:&quot;&quot;,&quot;bottom&quot;:&quot;&quot;,&quot;left&quot;:&quot;&quot;,&quot;isLinked&quot;:true},&quot;element_pack_global_tooltip_border_radius_mobile_extra&quot;:{&quot;unit&quot;:&quot;px&quot;,&quot;top&quot;:&quot;&quot;,&quot;right&quot;:&quot;&quot;,&quot;bottom&quot;:&quot;&quot;,&quot;left&quot;:&quot;&quot;,&quot;isLinked&quot;:true},&quot;element_pack_global_tooltip_border_radius_mobile&quot;:{&quot;unit&quot;:&quot;px&quot;,&quot;top&quot;:&quot;&quot;,&quot;right&quot;:&quot;&quot;,&quot;bottom&quot;:&quot;&quot;,&quot;left&quot;:&quot;&quot;,&quot;isLinked&quot;:true}}\" data-elementor-post-type=\"page\">\n\t\t\t\t<div class=\"elementor-element elementor-element-53d9dc5 animated-slow e-flex e-con-boxed elementor-invisible e-con e-parent\" data-id=\"53d9dc5\" data-element_type=\"container\" data-settings=\"{&quot;background_background&quot;:&quot;classic&quot;,&quot;animation&quot;:&quot;fadeIn&quot;}\">\n\t\t\t\t\t<div class=\"e-con-inner\">\n\t\t\t\t<div class=\"elementor-element elementor-element-88c6478 elementor-widget elementor-widget-heading\" data-id=\"88c6478\" data-element_type=\"widget\" data-widget_type=\"heading.default\">\n\t\t\t\t\t<h1 class=\"elementor-heading-title elementor-size-default\">Heyecanland\u0131rmak<\/h1>\t\t\t\t<\/div>\n\t\t\t\t<div class=\"elementor-element elementor-element-eac5fe6 elementor-widget elementor-widget-bdt-breadcrumbs\" data-id=\"eac5fe6\" data-element_type=\"widget\" data-widget_type=\"bdt-breadcrumbs.default\">\n\t\t\t\t\t<div class='bdt-ep-breadcrumbs-wrapper'><ul class=\"bdt-ep-breadcrumb breadcrumb-align-left\"><li><a href=\"https:\/\/www.haycarb.com\/tr\/\">Haycarb<\/a><\/li>\n<li><span> Sayfa<\/span><\/li>\n<\/ul><\/div>\t\t\t\t<\/div>\n\t\t\t\t\t<\/div>\n\t\t\t\t<\/div>\n\t\t<div data-bdt-parallax=\"border-color: #D11111,#AFAFAF;\" class=\"elementor-element elementor-element-9145c16 e-flex e-con-boxed e-con e-parent\" data-id=\"9145c16\" data-element_type=\"container\" data-settings=\"{&quot;background_background&quot;:&quot;classic&quot;}\">\n\t\t\t\t\t<div class=\"e-con-inner\">\n\t\t\t\t<div class=\"elementor-element elementor-element-6ca9c79 elementor-widget elementor-widget-spacer\" data-id=\"6ca9c79\" data-element_type=\"widget\" data-widget_type=\"spacer.default\">\n\t\t\t\t\t\t\t<div class=\"elementor-spacer\">\n\t\t\t<div class=\"elementor-spacer-inner\"><\/div>\n\t\t<\/div>\n\t\t\t\t\t\t<\/div>\n\t\t\t\t\t<\/div>\n\t\t\t\t<\/div>\n\t\t<div class=\"elementor-element elementor-element-9bbecce e-con-full e-flex e-con e-parent\" data-id=\"9bbecce\" data-element_type=\"container\">\n\t\t<div class=\"elementor-element elementor-element-a5099b9 e-con-full e-flex e-con e-child\" data-id=\"a5099b9\" data-element_type=\"container\">\n\t\t<div class=\"elementor-element elementor-element-5cd437c e-con-full animated-slow e-flex elementor-invisible e-con e-child\" data-id=\"5cd437c\" data-element_type=\"container\" data-settings=\"{&quot;animation&quot;:&quot;fadeIn&quot;}\">\n\t\t\t\t<div class=\"elementor-element elementor-element-dcea3e4 elementor-widget elementor-widget-heading\" data-id=\"dcea3e4\" data-element_type=\"widget\" data-widget_type=\"heading.default\">\n\t\t\t\t\t<h2 class=\"elementor-heading-title elementor-size-default\">\u201cBenzersiz \u00fcr\u00fcnler ve m\u00fckemmel m\u00fc\u015fteri hizmetleriyle m\u00fc\u015fterilerimizi heyecanland\u0131r\u0131yoruz.\u201d<\/h2>\t\t\t\t<\/div>\n\t\t\t\t<div class=\"elementor-element elementor-element-12fc15f elementor-widget-divider--view-line elementor-widget elementor-widget-divider\" data-id=\"12fc15f\" data-element_type=\"widget\" data-widget_type=\"divider.default\">\n\t\t\t\t\t\t\t<div class=\"elementor-divider\">\n\t\t\t<span class=\"elementor-divider-separator\">\n\t\t\t\t\t\t<\/span>\n\t\t<\/div>\n\t\t\t\t\t\t<\/div>\n\t\t\t\t<div class=\"elementor-element elementor-element-00d1a32 elementor-widget__width-initial elementor-widget-mobile_extra__width-inherit elementor-widget-mobile__width-inherit elementor-widget elementor-widget-text-editor\" data-id=\"00d1a32\" data-element_type=\"widget\" data-widget_type=\"text-editor.default\">\n\t\t\t\t\t\t\t\t\t<p>Geni\u015f bir da\u011f\u0131t\u0131m a\u011f\u0131 arac\u0131l\u0131\u011f\u0131yla k\u00fcresel perakende ve B2B m\u00fc\u015fteri a\u011f\u0131yla ba\u011flant\u0131 kurarak yenilik\u00e7i \u00e7\u00f6z\u00fcmler, kusursuz hizmet ve tavizsiz kalite sa\u011fl\u0131yoruz. Yakla\u015f\u0131m\u0131m\u0131z, zaman\u0131nda teslimat\u0131, etik pazarlamay\u0131 ve m\u00fc\u015fteri refah\u0131n\u0131 \u00f6nceliklendirerek g\u00fcveni ve uzun vadeli de\u011feri g\u00fc\u00e7lendiriyor.<\/p>\t\t\t\t\t\t\t\t<\/div>\n\t\t\t\t<div class=\"elementor-element elementor-element-4129a0c elementor-widget elementor-widget-image\" data-id=\"4129a0c\" data-element_type=\"widget\" data-widget_type=\"image.default\">\n\t\t\t\t\t\t\t\t\t\t\t\t\t\t\t<img fetchpriority=\"high\" decoding=\"async\" width=\"2000\" height=\"1333\" src=\"https:\/\/www.haycarb.com\/wp-content\/uploads\/2025\/03\/Excite.webp\" class=\"attachment-full size-full wp-image-10427\" alt=\"\" srcset=\"https:\/\/www.haycarb.com\/wp-content\/uploads\/2025\/03\/Excite.webp 2000w, https:\/\/www.haycarb.com\/wp-content\/uploads\/2025\/03\/Excite-300x200.webp 300w, https:\/\/www.haycarb.com\/wp-content\/uploads\/2025\/03\/Excite-1024x682.webp 1024w, https:\/\/www.haycarb.com\/wp-content\/uploads\/2025\/03\/Excite-768x512.webp 768w, https:\/\/www.haycarb.com\/wp-content\/uploads\/2025\/03\/Excite-1536x1024.webp 1536w\" sizes=\"(max-width: 2000px) 100vw, 2000px\" \/>\t\t\t\t\t\t\t\t\t\t\t\t\t\t\t<\/div>\n\t\t<div class=\"elementor-element elementor-element-352642f e-con-full e-flex e-con e-child\" data-id=\"352642f\" data-element_type=\"container\">\n\t\t\t\t<div class=\"elementor-element elementor-element-c9f3fb2 elementor-widget elementor-widget-heading\" data-id=\"c9f3fb2\" data-element_type=\"widget\" data-widget_type=\"heading.default\">\n\t\t\t\t\t<h4 class=\"elementor-heading-title elementor-size-default\">M\u00fc\u015fteri Y\u00f6netimi<\/h4>\t\t\t\t<\/div>\n\t\t\t\t<div class=\"elementor-element elementor-element-f1cd9ff elementor-widget elementor-widget-text-editor\" data-id=\"f1cd9ff\" data-element_type=\"widget\" data-widget_type=\"text-editor.default\">\n\t\t\t\t\t\t\t\t\tM\u00fc\u015fteri m\u00fckemmelli\u011fine olan ba\u011fl\u0131l\u0131\u011f\u0131m\u0131z, uyumluluk, \u015feffafl\u0131k ve kat\u0131l\u0131m\u0131 destekleyen M\u00fc\u015fteri Y\u00f6netimi Politikas\u0131 ile y\u00f6nlendirilmektedir. G\u00fc\u00e7l\u00fc ili\u015fkiler kurmaya, \u00fcr\u00fcn i\u00e7g\u00f6r\u00fclerini payla\u015fmaya, memnuniyet anketleri arac\u0131l\u0131\u011f\u0131yla geri bildirim toplamaya ve genel m\u00fc\u015fteri deneyimini geli\u015ftirmek i\u00e7in sorumlu pazarlama uygulamalar\u0131n\u0131 s\u00fcrd\u00fcrmeye odaklan\u0131yoruz.\t\t\t\t\t\t\t\t<\/div>\n\t\t\t\t<\/div>\n\t\t\t\t<\/div>\n\t\t<div class=\"elementor-element elementor-element-b1402a6 e-con-full animated-slow e-flex elementor-invisible e-con e-child\" data-id=\"b1402a6\" data-element_type=\"container\" data-settings=\"{&quot;sticky&quot;:&quot;top&quot;,&quot;sticky_parent&quot;:&quot;yes&quot;,&quot;animation&quot;:&quot;fadeIn&quot;,&quot;sticky_on&quot;:[&quot;widescreen&quot;,&quot;desktop&quot;,&quot;laptop&quot;,&quot;tablet_extra&quot;,&quot;tablet&quot;,&quot;mobile_extra&quot;,&quot;mobile&quot;],&quot;sticky_offset&quot;:0,&quot;sticky_effects_offset&quot;:0,&quot;sticky_anchor_link_offset&quot;:0}\">\n\t\t\t\t<div class=\"elementor-element elementor-element-be8e1b4 elementor-widget elementor-widget-heading\" data-id=\"be8e1b4\" data-element_type=\"widget\" data-widget_type=\"heading.default\">\n\t\t\t\t\t<h3 class=\"elementor-heading-title elementor-size-default\">Di\u011fer ESG S\u00fctunlar\u0131<\/h3>\t\t\t\t<\/div>\n\t\t<div class=\"elementor-element elementor-element-1e5c132 e-con-full e-flex e-con e-child\" data-id=\"1e5c132\" data-element_type=\"container\" data-settings=\"{&quot;background_background&quot;:&quot;classic&quot;}\">\n\t\t<a class=\"elementor-element elementor-element-6628d4b e-con-full e-flex e-con e-child\" data-id=\"6628d4b\" data-element_type=\"container\" data-settings=\"{&quot;background_background&quot;:&quot;classic&quot;}\" href=\"\/tr\/esg-activity\/inspire\/\">\n\t\t\t\t<div class=\"elementor-element elementor-element-002ba6c elementor-widget elementor-widget-heading\" data-id=\"002ba6c\" data-element_type=\"widget\" data-widget_type=\"heading.default\">\n\t\t\t\t\t<h4 class=\"elementor-heading-title elementor-size-default\">\u0130lham vermek<\/h4>\t\t\t\t<\/div>\n\t\t\t\t<\/a>\n\t\t<a class=\"elementor-element elementor-element-33f5769 e-con-full e-flex e-con e-child\" data-id=\"33f5769\" data-element_type=\"container\" data-settings=\"{&quot;background_background&quot;:&quot;classic&quot;}\" href=\"\/tr\/esg-activity\/restore\/\">\n\t\t\t\t<div class=\"elementor-element elementor-element-7ae715b elementor-widget elementor-widget-heading\" data-id=\"7ae715b\" data-element_type=\"widget\" data-widget_type=\"heading.default\">\n\t\t\t\t\t<h4 class=\"elementor-heading-title elementor-size-default\">Eski haline getirmek<\/h4>\t\t\t\t<\/div>\n\t\t\t\t<\/a>\n\t\t<a class=\"elementor-element elementor-element-f23fd2b e-con-full e-flex e-con e-child\" data-id=\"f23fd2b\" data-element_type=\"container\" data-settings=\"{&quot;background_background&quot;:&quot;classic&quot;}\" href=\"\/tr\/esg-activity\/uplift\/\">\n\t\t\t\t<div class=\"elementor-element elementor-element-64b1511 elementor-widget elementor-widget-heading\" data-id=\"64b1511\" data-element_type=\"widget\" data-widget_type=\"heading.default\">\n\t\t\t\t\t<h4 class=\"elementor-heading-title elementor-size-default\">Y\u00fckseli\u015f<\/h4>\t\t\t\t<\/div>\n\t\t\t\t<\/a>\n\t\t<a class=\"elementor-element elementor-element-8af0340 e-con-full e-flex e-con e-child\" data-id=\"8af0340\" data-element_type=\"container\" data-settings=\"{&quot;background_background&quot;:&quot;classic&quot;}\" href=\"\/tr\/esg-activity\/innovate\/\">\n\t\t\t\t<div class=\"elementor-element elementor-element-9d82438 elementor-widget elementor-widget-heading\" data-id=\"9d82438\" data-element_type=\"widget\" data-widget_type=\"heading.default\">\n\t\t\t\t\t<h4 class=\"elementor-heading-title elementor-size-default\">Yenilik yap\u0131n<\/h4>\t\t\t\t<\/div>\n\t\t\t\t<\/a>\n\t\t\t\t<\/div>\n\t\t\t\t<\/div>\n\t\t\t\t<\/div>\n\t\t\t\t<\/div>\n\t\t\t\t<\/div>","protected":false},"excerpt":{"rendered":"<p>Excite Haycarb Page \u201cExcite our customers through unique products and excellent customer service\u201d We connect with a global network of retail and B2B customers through an extensive distribution network, ensuring innovative solutions, seamless service, and uncompromising quality. Through strategic customer relationship management initiatives, our approach prioritizes timely delivery, ethical marketing, and customer well-being, reinforcing trust [&hellip;]<\/p>","protected":false},"author":8,"featured_media":10581,"parent":5514,"menu_order":0,"comment_status":"closed","ping_status":"closed","template":"","meta":{"_acf_changed":false,"footnotes":""},"class_list":["post-10283","page","type-page","status-publish","has-post-thumbnail","hentry"],"acf":[],"yoast_head":"<!-- This site is optimized with the Yoast SEO plugin v25.6 - https:\/\/yoast.com\/wordpress\/plugins\/seo\/ -->\n<title>Customer Relationship Management Initiatives | Haycarb PLC<\/title>\n<meta name=\"description\" content=\"Explore Haycarb&#039;s customer relationship management initiatives, prioritizing engagement, innovation, quality and timely delivery.\" \/>\n<meta name=\"robots\" content=\"index, follow, max-snippet:-1, max-image-preview:large, max-video-preview:-1\" \/>\n<link rel=\"canonical\" href=\"https:\/\/www.haycarb.com\/tr\/esg-activity\/excite\/\" \/>\n<meta property=\"og:locale\" content=\"tr_TR\" \/>\n<meta property=\"og:type\" content=\"article\" \/>\n<meta property=\"og:title\" content=\"Customer Relationship Management Initiatives | Haycarb PLC\" \/>\n<meta property=\"og:description\" content=\"Explore Haycarb&#039;s customer relationship management initiatives, prioritizing engagement, innovation, quality and timely delivery.\" \/>\n<meta property=\"og:url\" content=\"https:\/\/www.haycarb.com\/tr\/esg-activity\/excite\/\" \/>\n<meta property=\"og:site_name\" content=\"Haycarb\" \/>\n<meta property=\"article:modified_time\" content=\"2025-12-18T04:40:43+00:00\" \/>\n<meta property=\"og:image\" content=\"https:\/\/www.haycarb.com\/wp-content\/uploads\/2025\/03\/Excite-3.webp\" \/>\n\t<meta property=\"og:image:width\" content=\"2000\" \/>\n\t<meta property=\"og:image:height\" content=\"1333\" \/>\n\t<meta property=\"og:image:type\" content=\"image\/webp\" \/>\n<meta name=\"twitter:card\" content=\"summary_large_image\" \/>\n<meta name=\"twitter:label1\" content=\"Tahmini okuma s\u00fcresi\" \/>\n\t<meta name=\"twitter:data1\" content=\"1 dakika\" \/>\n<script type=\"application\/ld+json\" class=\"yoast-schema-graph\">{\"@context\":\"https:\/\/schema.org\",\"@graph\":[{\"@type\":\"WebPage\",\"@id\":\"https:\/\/www.haycarb.com\/esg-activity\/excite\/\",\"url\":\"https:\/\/www.haycarb.com\/esg-activity\/excite\/\",\"name\":\"Customer Relationship Management Initiatives | Haycarb PLC\",\"isPartOf\":{\"@id\":\"https:\/\/www.haycarb.com\/#website\"},\"primaryImageOfPage\":{\"@id\":\"https:\/\/www.haycarb.com\/esg-activity\/excite\/#primaryimage\"},\"image\":{\"@id\":\"https:\/\/www.haycarb.com\/esg-activity\/excite\/#primaryimage\"},\"thumbnailUrl\":\"https:\/\/www.haycarb.com\/wp-content\/uploads\/2025\/03\/Excite-3.webp\",\"datePublished\":\"2025-01-29T03:17:00+00:00\",\"dateModified\":\"2025-12-18T04:40:43+00:00\",\"description\":\"Explore Haycarb's customer relationship management initiatives, prioritizing engagement, innovation, quality and timely delivery.\",\"breadcrumb\":{\"@id\":\"https:\/\/www.haycarb.com\/esg-activity\/excite\/#breadcrumb\"},\"inLanguage\":\"tr\",\"potentialAction\":[{\"@type\":\"ReadAction\",\"target\":[\"https:\/\/www.haycarb.com\/esg-activity\/excite\/\"]}]},{\"@type\":\"ImageObject\",\"inLanguage\":\"tr\",\"@id\":\"https:\/\/www.haycarb.com\/esg-activity\/excite\/#primaryimage\",\"url\":\"https:\/\/www.haycarb.com\/wp-content\/uploads\/2025\/03\/Excite-3.webp\",\"contentUrl\":\"https:\/\/www.haycarb.com\/wp-content\/uploads\/2025\/03\/Excite-3.webp\",\"width\":2000,\"height\":1333},{\"@type\":\"BreadcrumbList\",\"@id\":\"https:\/\/www.haycarb.com\/esg-activity\/excite\/#breadcrumb\",\"itemListElement\":[{\"@type\":\"ListItem\",\"position\":1,\"name\":\"Home\",\"item\":\"https:\/\/www.haycarb.com\/\"},{\"@type\":\"ListItem\",\"position\":2,\"name\":\"ESG\",\"item\":\"https:\/\/www.haycarb.com\/esg-activity\/\"},{\"@type\":\"ListItem\",\"position\":3,\"name\":\"Excite\"}]},{\"@type\":\"WebSite\",\"@id\":\"https:\/\/www.haycarb.com\/#website\",\"url\":\"https:\/\/www.haycarb.com\/\",\"name\":\"Haycarb\",\"description\":\"Activated Carbon Manufacturer\",\"publisher\":{\"@id\":\"https:\/\/www.haycarb.com\/#organization\"},\"potentialAction\":[{\"@type\":\"SearchAction\",\"target\":{\"@type\":\"EntryPoint\",\"urlTemplate\":\"https:\/\/www.haycarb.com\/?s={search_term_string}\"},\"query-input\":{\"@type\":\"PropertyValueSpecification\",\"valueRequired\":true,\"valueName\":\"search_term_string\"}}],\"inLanguage\":\"tr\"},{\"@type\":\"Organization\",\"@id\":\"https:\/\/www.haycarb.com\/#organization\",\"name\":\"Haycarb\",\"url\":\"https:\/\/www.haycarb.com\/\",\"logo\":{\"@type\":\"ImageObject\",\"inLanguage\":\"tr\",\"@id\":\"https:\/\/www.haycarb.com\/#\/schema\/logo\/image\/\",\"url\":\"https:\/\/www.haycarb.com\/wp-content\/uploads\/2025\/03\/inn-2.webp\",\"contentUrl\":\"https:\/\/www.haycarb.com\/wp-content\/uploads\/2025\/03\/inn-2.webp\",\"width\":400,\"height\":194,\"caption\":\"Haycarb\"},\"image\":{\"@id\":\"https:\/\/www.haycarb.com\/#\/schema\/logo\/image\/\"}}]}<\/script>\n<!-- \/ Yoast SEO plugin. -->","yoast_head_json":{"title":"Customer Relationship Management Initiatives | Haycarb PLC","description":"Explore Haycarb's customer relationship management initiatives, prioritizing engagement, innovation, quality and timely delivery.","robots":{"index":"index","follow":"follow","max-snippet":"max-snippet:-1","max-image-preview":"max-image-preview:large","max-video-preview":"max-video-preview:-1"},"canonical":"https:\/\/www.haycarb.com\/tr\/esg-activity\/excite\/","og_locale":"tr_TR","og_type":"article","og_title":"Customer Relationship Management Initiatives | Haycarb PLC","og_description":"Explore Haycarb's customer relationship management initiatives, prioritizing engagement, innovation, quality and timely delivery.","og_url":"https:\/\/www.haycarb.com\/tr\/esg-activity\/excite\/","og_site_name":"Haycarb","article_modified_time":"2025-12-18T04:40:43+00:00","og_image":[{"width":2000,"height":1333,"url":"https:\/\/www.haycarb.com\/wp-content\/uploads\/2025\/03\/Excite-3.webp","type":"image\/webp"}],"twitter_card":"summary_large_image","twitter_misc":{"Tahmini okuma s\u00fcresi":"1 dakika"},"schema":{"@context":"https:\/\/schema.org","@graph":[{"@type":"WebPage","@id":"https:\/\/www.haycarb.com\/esg-activity\/excite\/","url":"https:\/\/www.haycarb.com\/esg-activity\/excite\/","name":"Customer Relationship Management Initiatives | Haycarb PLC","isPartOf":{"@id":"https:\/\/www.haycarb.com\/#website"},"primaryImageOfPage":{"@id":"https:\/\/www.haycarb.com\/esg-activity\/excite\/#primaryimage"},"image":{"@id":"https:\/\/www.haycarb.com\/esg-activity\/excite\/#primaryimage"},"thumbnailUrl":"https:\/\/www.haycarb.com\/wp-content\/uploads\/2025\/03\/Excite-3.webp","datePublished":"2025-01-29T03:17:00+00:00","dateModified":"2025-12-18T04:40:43+00:00","description":"Explore Haycarb's customer relationship management initiatives, prioritizing engagement, innovation, quality and timely delivery.","breadcrumb":{"@id":"https:\/\/www.haycarb.com\/esg-activity\/excite\/#breadcrumb"},"inLanguage":"tr","potentialAction":[{"@type":"ReadAction","target":["https:\/\/www.haycarb.com\/esg-activity\/excite\/"]}]},{"@type":"ImageObject","inLanguage":"tr","@id":"https:\/\/www.haycarb.com\/esg-activity\/excite\/#primaryimage","url":"https:\/\/www.haycarb.com\/wp-content\/uploads\/2025\/03\/Excite-3.webp","contentUrl":"https:\/\/www.haycarb.com\/wp-content\/uploads\/2025\/03\/Excite-3.webp","width":2000,"height":1333},{"@type":"BreadcrumbList","@id":"https:\/\/www.haycarb.com\/esg-activity\/excite\/#breadcrumb","itemListElement":[{"@type":"ListItem","position":1,"name":"Home","item":"https:\/\/www.haycarb.com\/"},{"@type":"ListItem","position":2,"name":"ESG","item":"https:\/\/www.haycarb.com\/esg-activity\/"},{"@type":"ListItem","position":3,"name":"Excite"}]},{"@type":"WebSite","@id":"https:\/\/www.haycarb.com\/#website","url":"https:\/\/www.haycarb.com\/","name":"Haycarb","description":"Activated Carbon Manufacturer","publisher":{"@id":"https:\/\/www.haycarb.com\/#organization"},"potentialAction":[{"@type":"SearchAction","target":{"@type":"EntryPoint","urlTemplate":"https:\/\/www.haycarb.com\/?s={search_term_string}"},"query-input":{"@type":"PropertyValueSpecification","valueRequired":true,"valueName":"search_term_string"}}],"inLanguage":"tr"},{"@type":"Organization","@id":"https:\/\/www.haycarb.com\/#organization","name":"Haycarb","url":"https:\/\/www.haycarb.com\/","logo":{"@type":"ImageObject","inLanguage":"tr","@id":"https:\/\/www.haycarb.com\/#\/schema\/logo\/image\/","url":"https:\/\/www.haycarb.com\/wp-content\/uploads\/2025\/03\/inn-2.webp","contentUrl":"https:\/\/www.haycarb.com\/wp-content\/uploads\/2025\/03\/inn-2.webp","width":400,"height":194,"caption":"Haycarb"},"image":{"@id":"https:\/\/www.haycarb.com\/#\/schema\/logo\/image\/"}}]}},"builder_content":"","_links":{"self":[{"href":"https:\/\/www.haycarb.com\/tr\/wp-json\/wp\/v2\/pages\/10283","targetHints":{"allow":["GET"]}}],"collection":[{"href":"https:\/\/www.haycarb.com\/tr\/wp-json\/wp\/v2\/pages"}],"about":[{"href":"https:\/\/www.haycarb.com\/tr\/wp-json\/wp\/v2\/types\/page"}],"author":[{"embeddable":true,"href":"https:\/\/www.haycarb.com\/tr\/wp-json\/wp\/v2\/users\/8"}],"replies":[{"embeddable":true,"href":"https:\/\/www.haycarb.com\/tr\/wp-json\/wp\/v2\/comments?post=10283"}],"version-history":[{"count":4,"href":"https:\/\/www.haycarb.com\/tr\/wp-json\/wp\/v2\/pages\/10283\/revisions"}],"predecessor-version":[{"id":30801,"href":"https:\/\/www.haycarb.com\/tr\/wp-json\/wp\/v2\/pages\/10283\/revisions\/30801"}],"up":[{"embeddable":true,"href":"https:\/\/www.haycarb.com\/tr\/wp-json\/wp\/v2\/pages\/5514"}],"wp:featuredmedia":[{"embeddable":true,"href":"https:\/\/www.haycarb.com\/tr\/wp-json\/wp\/v2\/media\/10581"}],"wp:attachment":[{"href":"https:\/\/www.haycarb.com\/tr\/wp-json\/wp\/v2\/media?parent=10283"}],"curies":[{"name":"wp","href":"https:\/\/api.w.org\/{rel}","templated":true}]}}