{"id":10285,"date":"2025-01-29T08:30:31","date_gmt":"2025-01-29T03:00:31","guid":{"rendered":"https:\/\/haycarb.com\/?page_id=10285"},"modified":"2025-12-18T10:09:09","modified_gmt":"2025-12-18T04:39:09","slug":"inspire","status":"publish","type":"page","link":"https:\/\/www.haycarb.com\/es\/esg-activity\/inspire\/","title":{"rendered":"Inspirar"},"content":{"rendered":"<div data-elementor-type=\"wp-page\" data-elementor-id=\"10285\" class=\"elementor elementor-10285\" data-elementor-settings=\"{&quot;element_pack_global_tooltip_width&quot;:{&quot;unit&quot;:&quot;px&quot;,&quot;size&quot;:&quot;&quot;,&quot;sizes&quot;:[]},&quot;element_pack_global_tooltip_width_widescreen&quot;:{&quot;unit&quot;:&quot;px&quot;,&quot;size&quot;:&quot;&quot;,&quot;sizes&quot;:[]},&quot;element_pack_global_tooltip_width_laptop&quot;:{&quot;unit&quot;:&quot;px&quot;,&quot;size&quot;:&quot;&quot;,&quot;sizes&quot;:[]},&quot;element_pack_global_tooltip_width_tablet_extra&quot;:{&quot;unit&quot;:&quot;px&quot;,&quot;size&quot;:&quot;&quot;,&quot;sizes&quot;:[]},&quot;element_pack_global_tooltip_width_tablet&quot;:{&quot;unit&quot;:&quot;px&quot;,&quot;size&quot;:&quot;&quot;,&quot;sizes&quot;:[]},&quot;element_pack_global_tooltip_width_mobile_extra&quot;:{&quot;unit&quot;:&quot;px&quot;,&quot;size&quot;:&quot;&quot;,&quot;sizes&quot;:[]},&quot;element_pack_global_tooltip_width_mobile&quot;:{&quot;unit&quot;:&quot;px&quot;,&quot;size&quot;:&quot;&quot;,&quot;sizes&quot;:[]},&quot;element_pack_global_tooltip_padding&quot;:{&quot;unit&quot;:&quot;px&quot;,&quot;top&quot;:&quot;&quot;,&quot;right&quot;:&quot;&quot;,&quot;bottom&quot;:&quot;&quot;,&quot;left&quot;:&quot;&quot;,&quot;isLinked&quot;:true},&quot;element_pack_global_tooltip_padding_widescreen&quot;:{&quot;unit&quot;:&quot;px&quot;,&quot;top&quot;:&quot;&quot;,&quot;right&quot;:&quot;&quot;,&quot;bottom&quot;:&quot;&quot;,&quot;left&quot;:&quot;&quot;,&quot;isLinked&quot;:true},&quot;element_pack_global_tooltip_padding_laptop&quot;:{&quot;unit&quot;:&quot;px&quot;,&quot;top&quot;:&quot;&quot;,&quot;right&quot;:&quot;&quot;,&quot;bottom&quot;:&quot;&quot;,&quot;left&quot;:&quot;&quot;,&quot;isLinked&quot;:true},&quot;element_pack_global_tooltip_padding_tablet_extra&quot;:{&quot;unit&quot;:&quot;px&quot;,&quot;top&quot;:&quot;&quot;,&quot;right&quot;:&quot;&quot;,&quot;bottom&quot;:&quot;&quot;,&quot;left&quot;:&quot;&quot;,&quot;isLinked&quot;:true},&quot;element_pack_global_tooltip_padding_tablet&quot;:{&quot;unit&quot;:&quot;px&quot;,&quot;top&quot;:&quot;&quot;,&quot;right&quot;:&quot;&quot;,&quot;bottom&quot;:&quot;&quot;,&quot;left&quot;:&quot;&quot;,&quot;isLinked&quot;:true},&quot;element_pack_global_tooltip_padding_mobile_extra&quot;:{&quot;unit&quot;:&quot;px&quot;,&quot;top&quot;:&quot;&quot;,&quot;right&quot;:&quot;&quot;,&quot;bottom&quot;:&quot;&quot;,&quot;left&quot;:&quot;&quot;,&quot;isLinked&quot;:true},&quot;element_pack_global_tooltip_padding_mobile&quot;:{&quot;unit&quot;:&quot;px&quot;,&quot;top&quot;:&quot;&quot;,&quot;right&quot;:&quot;&quot;,&quot;bottom&quot;:&quot;&quot;,&quot;left&quot;:&quot;&quot;,&quot;isLinked&quot;:true},&quot;element_pack_global_tooltip_border_radius&quot;:{&quot;unit&quot;:&quot;px&quot;,&quot;top&quot;:&quot;&quot;,&quot;right&quot;:&quot;&quot;,&quot;bottom&quot;:&quot;&quot;,&quot;left&quot;:&quot;&quot;,&quot;isLinked&quot;:true},&quot;element_pack_global_tooltip_border_radius_widescreen&quot;:{&quot;unit&quot;:&quot;px&quot;,&quot;top&quot;:&quot;&quot;,&quot;right&quot;:&quot;&quot;,&quot;bottom&quot;:&quot;&quot;,&quot;left&quot;:&quot;&quot;,&quot;isLinked&quot;:true},&quot;element_pack_global_tooltip_border_radius_laptop&quot;:{&quot;unit&quot;:&quot;px&quot;,&quot;top&quot;:&quot;&quot;,&quot;right&quot;:&quot;&quot;,&quot;bottom&quot;:&quot;&quot;,&quot;left&quot;:&quot;&quot;,&quot;isLinked&quot;:true},&quot;element_pack_global_tooltip_border_radius_tablet_extra&quot;:{&quot;unit&quot;:&quot;px&quot;,&quot;top&quot;:&quot;&quot;,&quot;right&quot;:&quot;&quot;,&quot;bottom&quot;:&quot;&quot;,&quot;left&quot;:&quot;&quot;,&quot;isLinked&quot;:true},&quot;element_pack_global_tooltip_border_radius_tablet&quot;:{&quot;unit&quot;:&quot;px&quot;,&quot;top&quot;:&quot;&quot;,&quot;right&quot;:&quot;&quot;,&quot;bottom&quot;:&quot;&quot;,&quot;left&quot;:&quot;&quot;,&quot;isLinked&quot;:true},&quot;element_pack_global_tooltip_border_radius_mobile_extra&quot;:{&quot;unit&quot;:&quot;px&quot;,&quot;top&quot;:&quot;&quot;,&quot;right&quot;:&quot;&quot;,&quot;bottom&quot;:&quot;&quot;,&quot;left&quot;:&quot;&quot;,&quot;isLinked&quot;:true},&quot;element_pack_global_tooltip_border_radius_mobile&quot;:{&quot;unit&quot;:&quot;px&quot;,&quot;top&quot;:&quot;&quot;,&quot;right&quot;:&quot;&quot;,&quot;bottom&quot;:&quot;&quot;,&quot;left&quot;:&quot;&quot;,&quot;isLinked&quot;:true}}\" data-elementor-post-type=\"page\">\n\t\t\t\t<div class=\"elementor-element elementor-element-53d9dc5 animated-slow e-flex e-con-boxed elementor-invisible e-con e-parent\" data-id=\"53d9dc5\" data-element_type=\"container\" data-settings=\"{&quot;background_background&quot;:&quot;classic&quot;,&quot;animation&quot;:&quot;fadeIn&quot;}\">\n\t\t\t\t\t<div class=\"e-con-inner\">\n\t\t\t\t<div class=\"elementor-element elementor-element-88c6478 elementor-widget elementor-widget-heading\" data-id=\"88c6478\" data-element_type=\"widget\" data-widget_type=\"heading.default\">\n\t\t\t\t\t<h1 class=\"elementor-heading-title elementor-size-default\">Inspirar<\/h1>\t\t\t\t<\/div>\n\t\t\t\t<div class=\"elementor-element elementor-element-eac5fe6 elementor-widget elementor-widget-bdt-breadcrumbs\" data-id=\"eac5fe6\" data-element_type=\"widget\" data-widget_type=\"bdt-breadcrumbs.default\">\n\t\t\t\t\t<div class='bdt-ep-breadcrumbs-wrapper'><ul class=\"bdt-ep-breadcrumb breadcrumb-align-left\"><li><a href=\"https:\/\/www.haycarb.com\/es\/\">Haycarb<\/a><\/li>\n<li><span> P\u00e1gina<\/span><\/li>\n<\/ul><\/div>\t\t\t\t<\/div>\n\t\t\t\t\t<\/div>\n\t\t\t\t<\/div>\n\t\t<div data-bdt-parallax=\"border-color: #D11111,#AFAFAF;\" class=\"elementor-element elementor-element-9145c16 e-flex e-con-boxed e-con e-parent\" data-id=\"9145c16\" data-element_type=\"container\" data-settings=\"{&quot;background_background&quot;:&quot;classic&quot;}\">\n\t\t\t\t\t<div class=\"e-con-inner\">\n\t\t\t\t<div class=\"elementor-element elementor-element-6ca9c79 elementor-widget elementor-widget-spacer\" data-id=\"6ca9c79\" data-element_type=\"widget\" data-widget_type=\"spacer.default\">\n\t\t\t\t\t\t\t<div class=\"elementor-spacer\">\n\t\t\t<div class=\"elementor-spacer-inner\"><\/div>\n\t\t<\/div>\n\t\t\t\t\t\t<\/div>\n\t\t\t\t\t<\/div>\n\t\t\t\t<\/div>\n\t\t<div class=\"elementor-element elementor-element-9bbecce e-con-full e-flex e-con e-parent\" data-id=\"9bbecce\" data-element_type=\"container\">\n\t\t<div class=\"elementor-element elementor-element-a5099b9 e-con-full e-flex e-con e-child\" data-id=\"a5099b9\" data-element_type=\"container\">\n\t\t<div class=\"elementor-element elementor-element-5cd437c e-con-full animated-slow e-flex elementor-invisible e-con e-child\" data-id=\"5cd437c\" data-element_type=\"container\" data-settings=\"{&quot;animation&quot;:&quot;fadeIn&quot;}\">\n\t\t\t\t<div class=\"elementor-element elementor-element-dcea3e4 elementor-widget elementor-widget-heading\" data-id=\"dcea3e4\" data-element_type=\"widget\" data-widget_type=\"heading.default\">\n\t\t\t\t\t<h2 class=\"elementor-heading-title elementor-size-default\">\u201cInspirar a nuestros equipos a impulsar cambios positivos y significativos\u201d<\/h2>\t\t\t\t<\/div>\n\t\t\t\t<div class=\"elementor-element elementor-element-d374c27 elementor-widget-divider--view-line elementor-widget elementor-widget-divider\" data-id=\"d374c27\" data-element_type=\"widget\" data-widget_type=\"divider.default\">\n\t\t\t\t\t\t\t<div class=\"elementor-divider\">\n\t\t\t<span class=\"elementor-divider-separator\">\n\t\t\t\t\t\t<\/span>\n\t\t<\/div>\n\t\t\t\t\t\t<\/div>\n\t\t\t\t<div class=\"elementor-element elementor-element-00d1a32 elementor-widget__width-initial elementor-widget-mobile_extra__width-inherit elementor-widget-mobile__width-inherit elementor-widget elementor-widget-text-editor\" data-id=\"00d1a32\" data-element_type=\"widget\" data-widget_type=\"text-editor.default\">\n\t\t\t\t\t\t\t\t\t<p>Nuestra s\u00f3lida plantilla en siete pa\u00edses impulsa nuestro \u00e9xito mediante la excelencia en la fabricaci\u00f3n, la I+D y la innovaci\u00f3n, convirtiendo a las personas en nuestra mayor ventaja competitiva. A cambio, cultivamos una cultura que fomenta la asunci\u00f3n de riesgos, el aprendizaje continuo y el crecimiento profesional, empoderando a los empleados para que alcancen su m\u00e1ximo potencial.<\/p>\t\t\t\t\t\t\t\t<\/div>\n\t\t\t\t<div class=\"elementor-element elementor-element-4129a0c elementor-widget elementor-widget-image\" data-id=\"4129a0c\" data-element_type=\"widget\" data-widget_type=\"image.default\">\n\t\t\t\t\t\t\t\t\t\t\t\t\t\t\t<img fetchpriority=\"high\" decoding=\"async\" width=\"1600\" height=\"1200\" src=\"https:\/\/www.haycarb.com\/wp-content\/uploads\/2025\/03\/Inspire-1-1.webp\" class=\"attachment-full size-full wp-image-12532\" alt=\"\" srcset=\"https:\/\/www.haycarb.com\/wp-content\/uploads\/2025\/03\/Inspire-1-1.webp 1600w, https:\/\/www.haycarb.com\/wp-content\/uploads\/2025\/03\/Inspire-1-1-300x225.webp 300w, https:\/\/www.haycarb.com\/wp-content\/uploads\/2025\/03\/Inspire-1-1-1024x768.webp 1024w, https:\/\/www.haycarb.com\/wp-content\/uploads\/2025\/03\/Inspire-1-1-768x576.webp 768w, https:\/\/www.haycarb.com\/wp-content\/uploads\/2025\/03\/Inspire-1-1-1536x1152.webp 1536w\" sizes=\"(max-width: 1600px) 100vw, 1600px\" \/>\t\t\t\t\t\t\t\t\t\t\t\t\t\t\t<\/div>\n\t\t<div class=\"elementor-element elementor-element-352642f e-con-full e-flex e-con e-child\" data-id=\"352642f\" data-element_type=\"container\">\n\t\t\t\t<div class=\"elementor-element elementor-element-c9f3fb2 elementor-widget elementor-widget-heading\" data-id=\"c9f3fb2\" data-element_type=\"widget\" data-widget_type=\"heading.default\">\n\t\t\t\t\t<h4 class=\"elementor-heading-title elementor-size-default\">Equipos comprometidos<\/h4>\t\t\t\t<\/div>\n\t\t\t\t<div class=\"elementor-element elementor-element-f1cd9ff elementor-widget elementor-widget-text-editor\" data-id=\"f1cd9ff\" data-element_type=\"widget\" data-widget_type=\"text-editor.default\">\n\t\t\t\t\t\t\t\t\t<p>Guiados por s\u00f3lidas pol\u00edticas de RR. HH., defendemos la diversidad, la inclusi\u00f3n y las pr\u00e1cticas laborales \u00e9ticas, garantizando un entorno de trabajo libre de discriminaci\u00f3n, acoso y trabajo forzoso. Fomentamos una cultura centrada en el rendimiento y ofrecemos plataformas atractivas para fortalecer el trabajo en equipo y la colaboraci\u00f3n.<\/p>\t\t\t\t\t\t\t\t<\/div>\n\t\t\t\t<div class=\"elementor-element elementor-element-b36b583 elementor-widget elementor-widget-heading\" data-id=\"b36b583\" data-element_type=\"widget\" data-widget_type=\"heading.default\">\n\t\t\t\t\t<h4 class=\"elementor-heading-title elementor-size-default\">Capacitaci\u00f3n y desarrollo<\/h4>\t\t\t\t<\/div>\n\t\t\t\t<div class=\"elementor-element elementor-element-c7cdaf8 elementor-widget elementor-widget-text-editor\" data-id=\"c7cdaf8\" data-element_type=\"widget\" data-widget_type=\"text-editor.default\">\n\t\t\t\t\t\t\t\t\tLos programas de capacitaci\u00f3n de Haycarb, alineados con la pol\u00edtica de Aprendizaje y Desarrollo del Grupo Hayleys, se centran en el desarrollo de habilidades, el desarrollo de liderazgo y el conocimiento del sector. Los empleados participan en programas tanto sectoriales como a nivel de grupo, mientras que el intercambio interno de conocimientos y la colaboraci\u00f3n con instituciones acad\u00e9micas garantizan el aprendizaje continuo y la innovaci\u00f3n.\t\t\t\t\t\t\t\t<\/div>\n\t\t\t\t<div class=\"elementor-element elementor-element-25498a5 elementor-widget-mobile__width-initial elementor-widget elementor-widget-heading\" data-id=\"25498a5\" data-element_type=\"widget\" data-widget_type=\"heading.default\">\n\t\t\t\t\t<h4 class=\"elementor-heading-title elementor-size-default\">Salud y seguridad<\/h4>\t\t\t\t<\/div>\n\t\t\t\t<div class=\"elementor-element elementor-element-fc1de05 elementor-widget elementor-widget-text-editor\" data-id=\"fc1de05\" data-element_type=\"widget\" data-widget_type=\"text-editor.default\">\n\t\t\t\t\t\t\t\t\t<p>Como empresa manufacturera, crear un entorno de trabajo seguro y libre de lesiones para nuestros empleados es fundamental para su bienestar. Bajo nuestra Pol\u00edtica de Salud y Seguridad, garantizamos el estricto cumplimiento de las leyes, la evaluaci\u00f3n proactiva de riesgos y las normas de higiene en el trabajo. La transparencia en los informes y las continuas iniciativas de seguridad nos ayudan a mantener un entorno de trabajo libre de lesiones.<\/p>\t\t\t\t\t\t\t\t<\/div>\n\t\t\t\t<\/div>\n\t\t\t\t<\/div>\n\t\t<div class=\"elementor-element elementor-element-b1402a6 e-con-full animated-slow e-flex elementor-invisible e-con e-child\" data-id=\"b1402a6\" data-element_type=\"container\" data-settings=\"{&quot;sticky&quot;:&quot;top&quot;,&quot;sticky_parent&quot;:&quot;yes&quot;,&quot;animation&quot;:&quot;fadeIn&quot;,&quot;sticky_on&quot;:[&quot;widescreen&quot;,&quot;desktop&quot;,&quot;laptop&quot;,&quot;tablet_extra&quot;,&quot;tablet&quot;,&quot;mobile_extra&quot;,&quot;mobile&quot;],&quot;sticky_offset&quot;:0,&quot;sticky_effects_offset&quot;:0,&quot;sticky_anchor_link_offset&quot;:0}\">\n\t\t\t\t<div class=\"elementor-element elementor-element-be8e1b4 elementor-widget elementor-widget-heading\" data-id=\"be8e1b4\" data-element_type=\"widget\" data-widget_type=\"heading.default\">\n\t\t\t\t\t<h3 class=\"elementor-heading-title elementor-size-default\">Otros pilares ESG<\/h3>\t\t\t\t<\/div>\n\t\t<div class=\"elementor-element elementor-element-1e5c132 e-con-full e-flex e-con e-child\" data-id=\"1e5c132\" data-element_type=\"container\" data-settings=\"{&quot;background_background&quot;:&quot;classic&quot;}\">\n\t\t<a class=\"elementor-element elementor-element-6628d4b e-con-full e-flex e-con e-child\" data-id=\"6628d4b\" data-element_type=\"container\" data-settings=\"{&quot;background_background&quot;:&quot;classic&quot;}\" href=\"\/es\/esg-activity\/restore\/\">\n\t\t\t\t<div class=\"elementor-element elementor-element-002ba6c elementor-widget elementor-widget-heading\" data-id=\"002ba6c\" data-element_type=\"widget\" data-widget_type=\"heading.default\">\n\t\t\t\t\t<h4 class=\"elementor-heading-title elementor-size-default\">Restaurar<\/h4>\t\t\t\t<\/div>\n\t\t\t\t<\/a>\n\t\t<a class=\"elementor-element elementor-element-33f5769 e-con-full e-flex e-con e-child\" data-id=\"33f5769\" data-element_type=\"container\" data-settings=\"{&quot;background_background&quot;:&quot;classic&quot;}\" href=\"\/es\/esg-activity\/excite\/\">\n\t\t\t\t<div class=\"elementor-element elementor-element-7ae715b elementor-widget elementor-widget-heading\" data-id=\"7ae715b\" data-element_type=\"widget\" data-widget_type=\"heading.default\">\n\t\t\t\t\t<h4 class=\"elementor-heading-title elementor-size-default\">Excitar<\/h4>\t\t\t\t<\/div>\n\t\t\t\t<\/a>\n\t\t<a class=\"elementor-element elementor-element-f23fd2b e-con-full e-flex e-con e-child\" data-id=\"f23fd2b\" data-element_type=\"container\" data-settings=\"{&quot;background_background&quot;:&quot;classic&quot;}\" href=\"\/es\/esg-activity\/uplift\/\">\n\t\t\t\t<div class=\"elementor-element elementor-element-64b1511 elementor-widget elementor-widget-heading\" data-id=\"64b1511\" data-element_type=\"widget\" data-widget_type=\"heading.default\">\n\t\t\t\t\t<h4 class=\"elementor-heading-title elementor-size-default\">Edificaci\u00f3n<\/h4>\t\t\t\t<\/div>\n\t\t\t\t<\/a>\n\t\t<a class=\"elementor-element elementor-element-8af0340 e-con-full e-flex e-con e-child\" data-id=\"8af0340\" data-element_type=\"container\" data-settings=\"{&quot;background_background&quot;:&quot;classic&quot;}\" href=\"\/es\/esg-activity\/innovate\/\">\n\t\t\t\t<div class=\"elementor-element elementor-element-9d82438 elementor-widget elementor-widget-heading\" data-id=\"9d82438\" data-element_type=\"widget\" data-widget_type=\"heading.default\">\n\t\t\t\t\t<h4 class=\"elementor-heading-title elementor-size-default\">Innovar<\/h4>\t\t\t\t<\/div>\n\t\t\t\t<\/a>\n\t\t\t\t<\/div>\n\t\t\t\t<\/div>\n\t\t\t\t<\/div>\n\t\t\t\t<\/div>\n\t\t\t\t<\/div>","protected":false},"excerpt":{"rendered":"<p>Inspire Haycarb Page \u201cInspire our teams to drive positive and meaningful change\u201d Our strong workforce across seven countries drives our success through manufacturing excellence, R&amp;D, and innovation, making people our greatest competitive advantage. In return, we cultivate a culture of team empowerment that encourages risk-taking, continuous learning, and professional growth, empowering employees to reach their [&hellip;]<\/p>","protected":false},"author":8,"featured_media":10582,"parent":5514,"menu_order":0,"comment_status":"closed","ping_status":"closed","template":"","meta":{"_acf_changed":false,"footnotes":""},"class_list":["post-10285","page","type-page","status-publish","has-post-thumbnail","hentry"],"acf":[],"yoast_head":"<!-- This site is optimized with the Yoast SEO plugin v25.6 - https:\/\/yoast.com\/wordpress\/plugins\/seo\/ -->\n<title>Team Empowerment | Haycarb Learning &amp; Development Programs<\/title>\n<meta name=\"description\" content=\"Explore our team empowerment initiatives as we foster a culture of risk-taking and learning for positive change and professional growth.\" \/>\n<meta name=\"robots\" content=\"index, follow, max-snippet:-1, max-image-preview:large, max-video-preview:-1\" \/>\n<link rel=\"canonical\" href=\"https:\/\/www.haycarb.com\/es\/esg-activity\/inspire\/\" \/>\n<meta property=\"og:locale\" content=\"es_ES\" \/>\n<meta property=\"og:type\" content=\"article\" \/>\n<meta property=\"og:title\" content=\"Team Empowerment | Haycarb Learning &amp; Development Programs\" \/>\n<meta property=\"og:description\" content=\"Explore our team empowerment initiatives as we foster a culture of risk-taking and learning for positive change and professional growth.\" \/>\n<meta property=\"og:url\" content=\"https:\/\/www.haycarb.com\/es\/esg-activity\/inspire\/\" \/>\n<meta property=\"og:site_name\" content=\"Haycarb\" \/>\n<meta property=\"article:modified_time\" content=\"2025-12-18T04:39:09+00:00\" \/>\n<meta property=\"og:image\" content=\"https:\/\/www.haycarb.com\/wp-content\/uploads\/2025\/03\/Inspire-1.webp\" \/>\n\t<meta property=\"og:image:width\" content=\"2000\" \/>\n\t<meta property=\"og:image:height\" content=\"1333\" \/>\n\t<meta property=\"og:image:type\" content=\"image\/webp\" \/>\n<meta name=\"twitter:card\" content=\"summary_large_image\" \/>\n<meta name=\"twitter:label1\" content=\"Tiempo de lectura\" \/>\n\t<meta name=\"twitter:data1\" content=\"1 minuto\" \/>\n<script type=\"application\/ld+json\" class=\"yoast-schema-graph\">{\"@context\":\"https:\/\/schema.org\",\"@graph\":[{\"@type\":\"WebPage\",\"@id\":\"https:\/\/www.haycarb.com\/esg-activity\/inspire\/\",\"url\":\"https:\/\/www.haycarb.com\/esg-activity\/inspire\/\",\"name\":\"Team Empowerment | Haycarb Learning & Development Programs\",\"isPartOf\":{\"@id\":\"https:\/\/www.haycarb.com\/#website\"},\"primaryImageOfPage\":{\"@id\":\"https:\/\/www.haycarb.com\/esg-activity\/inspire\/#primaryimage\"},\"image\":{\"@id\":\"https:\/\/www.haycarb.com\/esg-activity\/inspire\/#primaryimage\"},\"thumbnailUrl\":\"https:\/\/www.haycarb.com\/wp-content\/uploads\/2025\/03\/Inspire-1.webp\",\"datePublished\":\"2025-01-29T03:00:31+00:00\",\"dateModified\":\"2025-12-18T04:39:09+00:00\",\"description\":\"Explore our team empowerment initiatives as we foster a culture of risk-taking and learning for positive change and professional growth.\",\"breadcrumb\":{\"@id\":\"https:\/\/www.haycarb.com\/esg-activity\/inspire\/#breadcrumb\"},\"inLanguage\":\"es\",\"potentialAction\":[{\"@type\":\"ReadAction\",\"target\":[\"https:\/\/www.haycarb.com\/esg-activity\/inspire\/\"]}]},{\"@type\":\"ImageObject\",\"inLanguage\":\"es\",\"@id\":\"https:\/\/www.haycarb.com\/esg-activity\/inspire\/#primaryimage\",\"url\":\"https:\/\/www.haycarb.com\/wp-content\/uploads\/2025\/03\/Inspire-1.webp\",\"contentUrl\":\"https:\/\/www.haycarb.com\/wp-content\/uploads\/2025\/03\/Inspire-1.webp\",\"width\":2000,\"height\":1333},{\"@type\":\"BreadcrumbList\",\"@id\":\"https:\/\/www.haycarb.com\/esg-activity\/inspire\/#breadcrumb\",\"itemListElement\":[{\"@type\":\"ListItem\",\"position\":1,\"name\":\"Home\",\"item\":\"https:\/\/www.haycarb.com\/\"},{\"@type\":\"ListItem\",\"position\":2,\"name\":\"ESG\",\"item\":\"https:\/\/www.haycarb.com\/esg-activity\/\"},{\"@type\":\"ListItem\",\"position\":3,\"name\":\"Inspire\"}]},{\"@type\":\"WebSite\",\"@id\":\"https:\/\/www.haycarb.com\/#website\",\"url\":\"https:\/\/www.haycarb.com\/\",\"name\":\"Haycarb\",\"description\":\"Activated Carbon Manufacturer\",\"publisher\":{\"@id\":\"https:\/\/www.haycarb.com\/#organization\"},\"potentialAction\":[{\"@type\":\"SearchAction\",\"target\":{\"@type\":\"EntryPoint\",\"urlTemplate\":\"https:\/\/www.haycarb.com\/?s={search_term_string}\"},\"query-input\":{\"@type\":\"PropertyValueSpecification\",\"valueRequired\":true,\"valueName\":\"search_term_string\"}}],\"inLanguage\":\"es\"},{\"@type\":\"Organization\",\"@id\":\"https:\/\/www.haycarb.com\/#organization\",\"name\":\"Haycarb\",\"url\":\"https:\/\/www.haycarb.com\/\",\"logo\":{\"@type\":\"ImageObject\",\"inLanguage\":\"es\",\"@id\":\"https:\/\/www.haycarb.com\/#\/schema\/logo\/image\/\",\"url\":\"https:\/\/www.haycarb.com\/wp-content\/uploads\/2025\/03\/inn-2.webp\",\"contentUrl\":\"https:\/\/www.haycarb.com\/wp-content\/uploads\/2025\/03\/inn-2.webp\",\"width\":400,\"height\":194,\"caption\":\"Haycarb\"},\"image\":{\"@id\":\"https:\/\/www.haycarb.com\/#\/schema\/logo\/image\/\"}}]}<\/script>\n<!-- \/ Yoast SEO plugin. -->","yoast_head_json":{"title":"Team Empowerment | Haycarb Learning & Development Programs","description":"Explore our team empowerment initiatives as we foster a culture of risk-taking and learning for positive change and professional growth.","robots":{"index":"index","follow":"follow","max-snippet":"max-snippet:-1","max-image-preview":"max-image-preview:large","max-video-preview":"max-video-preview:-1"},"canonical":"https:\/\/www.haycarb.com\/es\/esg-activity\/inspire\/","og_locale":"es_ES","og_type":"article","og_title":"Team Empowerment | Haycarb Learning & Development Programs","og_description":"Explore our team empowerment initiatives as we foster a culture of risk-taking and learning for positive change and professional growth.","og_url":"https:\/\/www.haycarb.com\/es\/esg-activity\/inspire\/","og_site_name":"Haycarb","article_modified_time":"2025-12-18T04:39:09+00:00","og_image":[{"width":2000,"height":1333,"url":"https:\/\/www.haycarb.com\/wp-content\/uploads\/2025\/03\/Inspire-1.webp","type":"image\/webp"}],"twitter_card":"summary_large_image","twitter_misc":{"Tiempo de lectura":"1 minuto"},"schema":{"@context":"https:\/\/schema.org","@graph":[{"@type":"WebPage","@id":"https:\/\/www.haycarb.com\/esg-activity\/inspire\/","url":"https:\/\/www.haycarb.com\/esg-activity\/inspire\/","name":"Team Empowerment | Haycarb Learning & Development Programs","isPartOf":{"@id":"https:\/\/www.haycarb.com\/#website"},"primaryImageOfPage":{"@id":"https:\/\/www.haycarb.com\/esg-activity\/inspire\/#primaryimage"},"image":{"@id":"https:\/\/www.haycarb.com\/esg-activity\/inspire\/#primaryimage"},"thumbnailUrl":"https:\/\/www.haycarb.com\/wp-content\/uploads\/2025\/03\/Inspire-1.webp","datePublished":"2025-01-29T03:00:31+00:00","dateModified":"2025-12-18T04:39:09+00:00","description":"Explore our team empowerment initiatives as we foster a culture of risk-taking and learning for positive change and professional growth.","breadcrumb":{"@id":"https:\/\/www.haycarb.com\/esg-activity\/inspire\/#breadcrumb"},"inLanguage":"es","potentialAction":[{"@type":"ReadAction","target":["https:\/\/www.haycarb.com\/esg-activity\/inspire\/"]}]},{"@type":"ImageObject","inLanguage":"es","@id":"https:\/\/www.haycarb.com\/esg-activity\/inspire\/#primaryimage","url":"https:\/\/www.haycarb.com\/wp-content\/uploads\/2025\/03\/Inspire-1.webp","contentUrl":"https:\/\/www.haycarb.com\/wp-content\/uploads\/2025\/03\/Inspire-1.webp","width":2000,"height":1333},{"@type":"BreadcrumbList","@id":"https:\/\/www.haycarb.com\/esg-activity\/inspire\/#breadcrumb","itemListElement":[{"@type":"ListItem","position":1,"name":"Home","item":"https:\/\/www.haycarb.com\/"},{"@type":"ListItem","position":2,"name":"ESG","item":"https:\/\/www.haycarb.com\/esg-activity\/"},{"@type":"ListItem","position":3,"name":"Inspire"}]},{"@type":"WebSite","@id":"https:\/\/www.haycarb.com\/#website","url":"https:\/\/www.haycarb.com\/","name":"Haycarb","description":"Activated Carbon Manufacturer","publisher":{"@id":"https:\/\/www.haycarb.com\/#organization"},"potentialAction":[{"@type":"SearchAction","target":{"@type":"EntryPoint","urlTemplate":"https:\/\/www.haycarb.com\/?s={search_term_string}"},"query-input":{"@type":"PropertyValueSpecification","valueRequired":true,"valueName":"search_term_string"}}],"inLanguage":"es"},{"@type":"Organization","@id":"https:\/\/www.haycarb.com\/#organization","name":"Haycarb","url":"https:\/\/www.haycarb.com\/","logo":{"@type":"ImageObject","inLanguage":"es","@id":"https:\/\/www.haycarb.com\/#\/schema\/logo\/image\/","url":"https:\/\/www.haycarb.com\/wp-content\/uploads\/2025\/03\/inn-2.webp","contentUrl":"https:\/\/www.haycarb.com\/wp-content\/uploads\/2025\/03\/inn-2.webp","width":400,"height":194,"caption":"Haycarb"},"image":{"@id":"https:\/\/www.haycarb.com\/#\/schema\/logo\/image\/"}}]}},"builder_content":"","_links":{"self":[{"href":"https:\/\/www.haycarb.com\/es\/wp-json\/wp\/v2\/pages\/10285","targetHints":{"allow":["GET"]}}],"collection":[{"href":"https:\/\/www.haycarb.com\/es\/wp-json\/wp\/v2\/pages"}],"about":[{"href":"https:\/\/www.haycarb.com\/es\/wp-json\/wp\/v2\/types\/page"}],"author":[{"embeddable":true,"href":"https:\/\/www.haycarb.com\/es\/wp-json\/wp\/v2\/users\/8"}],"replies":[{"embeddable":true,"href":"https:\/\/www.haycarb.com\/es\/wp-json\/wp\/v2\/comments?post=10285"}],"version-history":[{"count":4,"href":"https:\/\/www.haycarb.com\/es\/wp-json\/wp\/v2\/pages\/10285\/revisions"}],"predecessor-version":[{"id":30798,"href":"https:\/\/www.haycarb.com\/es\/wp-json\/wp\/v2\/pages\/10285\/revisions\/30798"}],"up":[{"embeddable":true,"href":"https:\/\/www.haycarb.com\/es\/wp-json\/wp\/v2\/pages\/5514"}],"wp:featuredmedia":[{"embeddable":true,"href":"https:\/\/www.haycarb.com\/es\/wp-json\/wp\/v2\/media\/10582"}],"wp:attachment":[{"href":"https:\/\/www.haycarb.com\/es\/wp-json\/wp\/v2\/media?parent=10285"}],"curies":[{"name":"wp","href":"https:\/\/api.w.org\/{rel}","templated":true}]}}