{"id":8570,"date":"2025-03-28T10:07:36","date_gmt":"2025-03-28T10:07:36","guid":{"rendered":"https:\/\/haycarb.com\/?page_id=8570"},"modified":"2025-12-22T08:51:29","modified_gmt":"2025-12-22T03:21:29","slug":"gold","status":"publish","type":"page","link":"https:\/\/www.haycarb.com\/de\/activated-carbon-solutions\/gold\/","title":{"rendered":"Gold"},"content":{"rendered":"<div data-elementor-type=\"wp-page\" data-elementor-id=\"8570\" class=\"elementor elementor-8570\" data-elementor-settings=\"{&quot;element_pack_global_tooltip_width&quot;:{&quot;unit&quot;:&quot;px&quot;,&quot;size&quot;:&quot;&quot;,&quot;sizes&quot;:[]},&quot;element_pack_global_tooltip_width_widescreen&quot;:{&quot;unit&quot;:&quot;px&quot;,&quot;size&quot;:&quot;&quot;,&quot;sizes&quot;:[]},&quot;element_pack_global_tooltip_width_laptop&quot;:{&quot;unit&quot;:&quot;px&quot;,&quot;size&quot;:&quot;&quot;,&quot;sizes&quot;:[]},&quot;element_pack_global_tooltip_width_tablet_extra&quot;:{&quot;unit&quot;:&quot;px&quot;,&quot;size&quot;:&quot;&quot;,&quot;sizes&quot;:[]},&quot;element_pack_global_tooltip_width_tablet&quot;:{&quot;unit&quot;:&quot;px&quot;,&quot;size&quot;:&quot;&quot;,&quot;sizes&quot;:[]},&quot;element_pack_global_tooltip_width_mobile_extra&quot;:{&quot;unit&quot;:&quot;px&quot;,&quot;size&quot;:&quot;&quot;,&quot;sizes&quot;:[]},&quot;element_pack_global_tooltip_width_mobile&quot;:{&quot;unit&quot;:&quot;px&quot;,&quot;size&quot;:&quot;&quot;,&quot;sizes&quot;:[]},&quot;element_pack_global_tooltip_padding&quot;:{&quot;unit&quot;:&quot;px&quot;,&quot;top&quot;:&quot;&quot;,&quot;right&quot;:&quot;&quot;,&quot;bottom&quot;:&quot;&quot;,&quot;left&quot;:&quot;&quot;,&quot;isLinked&quot;:true},&quot;element_pack_global_tooltip_padding_widescreen&quot;:{&quot;unit&quot;:&quot;px&quot;,&quot;top&quot;:&quot;&quot;,&quot;right&quot;:&quot;&quot;,&quot;bottom&quot;:&quot;&quot;,&quot;left&quot;:&quot;&quot;,&quot;isLinked&quot;:true},&quot;element_pack_global_tooltip_padding_laptop&quot;:{&quot;unit&quot;:&quot;px&quot;,&quot;top&quot;:&quot;&quot;,&quot;right&quot;:&quot;&quot;,&quot;bottom&quot;:&quot;&quot;,&quot;left&quot;:&quot;&quot;,&quot;isLinked&quot;:true},&quot;element_pack_global_tooltip_padding_tablet_extra&quot;:{&quot;unit&quot;:&quot;px&quot;,&quot;top&quot;:&quot;&quot;,&quot;right&quot;:&quot;&quot;,&quot;bottom&quot;:&quot;&quot;,&quot;left&quot;:&quot;&quot;,&quot;isLinked&quot;:true},&quot;element_pack_global_tooltip_padding_tablet&quot;:{&quot;unit&quot;:&quot;px&quot;,&quot;top&quot;:&quot;&quot;,&quot;right&quot;:&quot;&quot;,&quot;bottom&quot;:&quot;&quot;,&quot;left&quot;:&quot;&quot;,&quot;isLinked&quot;:true},&quot;element_pack_global_tooltip_padding_mobile_extra&quot;:{&quot;unit&quot;:&quot;px&quot;,&quot;top&quot;:&quot;&quot;,&quot;right&quot;:&quot;&quot;,&quot;bottom&quot;:&quot;&quot;,&quot;left&quot;:&quot;&quot;,&quot;isLinked&quot;:true},&quot;element_pack_global_tooltip_padding_mobile&quot;:{&quot;unit&quot;:&quot;px&quot;,&quot;top&quot;:&quot;&quot;,&quot;right&quot;:&quot;&quot;,&quot;bottom&quot;:&quot;&quot;,&quot;left&quot;:&quot;&quot;,&quot;isLinked&quot;:true},&quot;element_pack_global_tooltip_border_radius&quot;:{&quot;unit&quot;:&quot;px&quot;,&quot;top&quot;:&quot;&quot;,&quot;right&quot;:&quot;&quot;,&quot;bottom&quot;:&quot;&quot;,&quot;left&quot;:&quot;&quot;,&quot;isLinked&quot;:true},&quot;element_pack_global_tooltip_border_radius_widescreen&quot;:{&quot;unit&quot;:&quot;px&quot;,&quot;top&quot;:&quot;&quot;,&quot;right&quot;:&quot;&quot;,&quot;bottom&quot;:&quot;&quot;,&quot;left&quot;:&quot;&quot;,&quot;isLinked&quot;:true},&quot;element_pack_global_tooltip_border_radius_laptop&quot;:{&quot;unit&quot;:&quot;px&quot;,&quot;top&quot;:&quot;&quot;,&quot;right&quot;:&quot;&quot;,&quot;bottom&quot;:&quot;&quot;,&quot;left&quot;:&quot;&quot;,&quot;isLinked&quot;:true},&quot;element_pack_global_tooltip_border_radius_tablet_extra&quot;:{&quot;unit&quot;:&quot;px&quot;,&quot;top&quot;:&quot;&quot;,&quot;right&quot;:&quot;&quot;,&quot;bottom&quot;:&quot;&quot;,&quot;left&quot;:&quot;&quot;,&quot;isLinked&quot;:true},&quot;element_pack_global_tooltip_border_radius_tablet&quot;:{&quot;unit&quot;:&quot;px&quot;,&quot;top&quot;:&quot;&quot;,&quot;right&quot;:&quot;&quot;,&quot;bottom&quot;:&quot;&quot;,&quot;left&quot;:&quot;&quot;,&quot;isLinked&quot;:true},&quot;element_pack_global_tooltip_border_radius_mobile_extra&quot;:{&quot;unit&quot;:&quot;px&quot;,&quot;top&quot;:&quot;&quot;,&quot;right&quot;:&quot;&quot;,&quot;bottom&quot;:&quot;&quot;,&quot;left&quot;:&quot;&quot;,&quot;isLinked&quot;:true},&quot;element_pack_global_tooltip_border_radius_mobile&quot;:{&quot;unit&quot;:&quot;px&quot;,&quot;top&quot;:&quot;&quot;,&quot;right&quot;:&quot;&quot;,&quot;bottom&quot;:&quot;&quot;,&quot;left&quot;:&quot;&quot;,&quot;isLinked&quot;:true}}\" data-elementor-post-type=\"page\">\n\t\t\t\t<div class=\"elementor-element elementor-element-ce4407d animated-slow e-flex e-con-boxed elementor-invisible e-con e-parent\" data-id=\"ce4407d\" data-element_type=\"container\" data-settings=\"{&quot;background_background&quot;:&quot;classic&quot;,&quot;animation&quot;:&quot;fadeIn&quot;,&quot;animation_delay&quot;:500}\">\n\t\t\t\t\t<div class=\"e-con-inner\">\n\t\t\t\t<div class=\"elementor-element elementor-element-2689b48 animated-slow elementor-invisible elementor-widget elementor-widget-heading\" data-id=\"2689b48\" data-element_type=\"widget\" data-settings=\"{&quot;_animation&quot;:&quot;fadeIn&quot;,&quot;_animation_delay&quot;:600}\" data-widget_type=\"heading.default\">\n\t\t\t\t\t<h1 class=\"elementor-heading-title elementor-size-default\">Gold<\/h1>\t\t\t\t<\/div>\n\t\t\t\t<div class=\"elementor-element elementor-element-b04f9eb animated-slow elementor-invisible elementor-widget elementor-widget-bdt-breadcrumbs\" data-id=\"b04f9eb\" data-element_type=\"widget\" data-settings=\"{&quot;_animation&quot;:&quot;fadeIn&quot;,&quot;_animation_delay&quot;:650}\" data-widget_type=\"bdt-breadcrumbs.default\">\n\t\t\t\t\t<div class='bdt-ep-breadcrumbs-wrapper'><ul class=\"bdt-ep-breadcrumb breadcrumb-align-left\"><li><a href=\"https:\/\/www.haycarb.com\/de\/\">Haycarb<\/a><\/li>\n<li><span> Seite<\/span><\/li>\n<\/ul><\/div>\t\t\t\t<\/div>\n\t\t\t\t\t<\/div>\n\t\t\t\t<\/div>\n\t\t<div data-bdt-parallax=\"border-color: #D11111,#AFAFAF;\" class=\"elementor-element elementor-element-23dcc6e e-flex e-con-boxed e-con e-parent\" data-id=\"23dcc6e\" data-element_type=\"container\" data-settings=\"{&quot;background_background&quot;:&quot;classic&quot;}\">\n\t\t\t\t\t<div class=\"e-con-inner\">\n\t\t\t\t<div class=\"elementor-element elementor-element-bc8d35a elementor-widget elementor-widget-spacer\" data-id=\"bc8d35a\" data-element_type=\"widget\" data-widget_type=\"spacer.default\">\n\t\t\t\t\t\t\t<div class=\"elementor-spacer\">\n\t\t\t<div class=\"elementor-spacer-inner\"><\/div>\n\t\t<\/div>\n\t\t\t\t\t\t<\/div>\n\t\t\t\t\t<\/div>\n\t\t\t\t<\/div>\n\t\t<div class=\"elementor-element elementor-element-29b677b e-flex e-con-boxed e-con e-parent\" data-id=\"29b677b\" data-element_type=\"container\" data-settings=\"{&quot;background_background&quot;:&quot;classic&quot;}\">\n\t\t\t\t\t<div class=\"e-con-inner\">\n\t\t<div class=\"elementor-element elementor-element-f5988c8 e-con-full animated-slow e-flex elementor-invisible e-con e-child\" data-id=\"f5988c8\" data-element_type=\"container\" data-settings=\"{&quot;animation&quot;:&quot;fadeIn&quot;}\">\n\t\t\t\t<div class=\"elementor-element elementor-element-52a26f1 elementor-widget__width-initial elementor-widget-mobile__width-inherit elementor-widget-mobile_extra__width-inherit animated-slow elementor-widget elementor-widget-heading\" data-id=\"52a26f1\" data-element_type=\"widget\" data-settings=\"{&quot;_animation&quot;:&quot;none&quot;}\" data-widget_type=\"heading.default\">\n\t\t\t\t\t<p class=\"elementor-heading-title elementor-size-default\">Haycarbs <a href=\"\/de\/activated-carbon-solutions\/gold\/gold-recovery\/\" target=\"_blank\">Aktivkohle zur Goldgewinnung<\/a>\n Speziell entwickelt f\u00fcr die Verfahren Carbon-in-Pulp (CIP), Carbon-in-Leach (CIL), Carbon-in-Column (CIC) und Haufenlaugung.\n<br>\nUnsere Produkte werden unter sorgf\u00e4ltig kontrollierten Aktivierungsbedingungen und Nachbehandlungsverfahren hergestellt. Dies gew\u00e4hrleistet eine gleichm\u00e4\u00dfige und pr\u00e4zise Partikelgr\u00f6\u00dfenverteilung, hohe Partikeldichte und -h\u00e4rte, die Abwesenheit weicher und flockiger Partikel, einen minimalen Pl\u00e4ttchenanteil und eine optimale Oberfl\u00e4che f\u00fcr die Adsorption. Dieses firmeneigene Produktionsverfahren und die hohe Qualit\u00e4t der Aktivkohle garantieren erstklassige Leistung in Goldminen. Der Kohlenstoffverlust im Kreislauf durch Abrieb wird minimiert, und optimale Goldadsorptionskinetik (R-Wert) sowie Goldbeladungskapazit\u00e4t (K-Wert) werden erzielt.\n<br>\nDurch die Integration fortschrittlicher Fertigungstechniken und Qualit\u00e4tskontrollsysteme in Verbindung mit nachhaltigen Produktionspraktiken bietet Haycarb Hochleistungs-Aktivkohleprodukte, die den hohen Anforderungen moderner Goldgewinnungsprozesse gerecht werden.<\/p>\t\t\t\t<\/div>\n\t\t\t\t<\/div>\n\t\t\t\t\t<\/div>\n\t\t\t\t<\/div>\n\t\t<div class=\"elementor-element elementor-element-35637bf animated-slow e-flex e-con-boxed e-con e-parent\" data-id=\"35637bf\" data-element_type=\"container\" data-settings=\"{&quot;animation&quot;:&quot;none&quot;}\">\n\t\t\t\t\t<div class=\"e-con-inner\">\n\t\t<div class=\"elementor-element elementor-element-49266d8 e-con-full animated-slow e-flex elementor-invisible e-con e-child\" data-id=\"49266d8\" data-element_type=\"container\" data-settings=\"{&quot;animation&quot;:&quot;fadeIn&quot;}\">\n\t\t\t\t<div class=\"elementor-element elementor-element-96643c7 acc-cusom elementor-widget elementor-widget-tp-accordion\" data-id=\"96643c7\" data-element_type=\"widget\" data-widget_type=\"tp-accordion.default\">\n\t\t\t\t\t\r\n<div class=\"theplus-accordion-wrapper elementor-accordion\"\r\n    id=\"tptab_slider1\" data-accordion-id=\"tptab_slider1\"\r\n    data-connection=\"tpca_slider1\"\r\n    data-accordion-type=\"accordion\"\r\n    data-heightlight-text data-row-bg-conn=\"bgcarouselslider1\"      role=\"tablist\" >\r\n\r\n            <div class=\"theplus-accordion-item\"  role=\"tab\">\r\n            <h5 id=\"elementor-tab-title-1571\" class=\"elementor-tab-title plus-accordion-header active-default text-left\" data-tab=\"1\" aria-controls=\"elementor-tab-content-1571\">\r\n                \r\n                <span style=\"width:100%\">Goldgewinnungskohle<\/span>                            <\/h5>\r\n\r\n                        <div id=\"elementor-tab-content-1571\" class=\"elementor-tab-content elementor-clearfix plus-accordion-content active-default\" data-tab=\"1\" role=\"tabpanel\" aria-labelledby=\"elementor-tab-title-1571\">\r\n                <div class=\"plus-content-editor\" ><p>Die unter streng kontrollierten Bedingungen und mit umweltvertr\u00e4glicher Technologie hergestellten Aktivkohlen von Haycarb zeichnen sich durch eine gleichm\u00e4\u00dfige Partikelgr\u00f6\u00dfenverteilung mit minimalem Anteil an Flocken oder Pl\u00e4ttchen, ein optimales Porennetzwerk f\u00fcr maximale Goldadsorptionsleistung und eine lange Lebensdauer im Gold-Kohlenstoff-Kreislauf aus<\/p><p><a class=\"shbt1\" style=\"color: #424242;\" href=\"\/de\/activated-carbon-solutions\/gold\/gold-recovery\/\">Mehr lesen<\/a><\/p><\/div>\r\n            <\/div>\r\n                    <\/div>\r\n        \r\n<\/div>\r\n\t\t\t\t<\/div>\n\t\t\t\t<\/div>\n\t\t<div class=\"elementor-element elementor-element-e250714 e-con-full animated-slow e-flex elementor-invisible e-con e-child\" data-id=\"e250714\" data-element_type=\"container\" data-settings=\"{&quot;animation&quot;:&quot;fadeIn&quot;}\">\n\t\t\t\t<div class=\"elementor-element elementor-element-077e31b elementor-widget elementor-widget-tp-carousel-anything\" data-id=\"077e31b\" data-element_type=\"widget\" data-widget_type=\"tp-carousel-anything.default\">\n\t\t\t\t\t \r\n\t\t<div id=\"tpca_slider1\" class=\"theplus-carousel-anything-wrapper list-carousel-slick   tpca_slider1\"data-id=\"tpca_slider1\" data-connection=\"tptab_slider1\"  data-result=\"{&quot;carousel_direction&quot;:&quot;ltr&quot;}\" dir=\"ltr\"  data-slider_direction=\"false\" data-slide_speed=\"0\" data-slide_fade_inout=\"false\" data-slider_desktop_column=\"1\" data-steps_slide=\"1\" data-slider_draggable=\"true\" data-multi_drag=\"false\" data-slider_infinite=\"true\" data-slider_pause_hover=\"false\" data-slider_adaptive_height=\"false\" data-slider_animation=\"ease\" data-slider_autoplay=\"false\" data-autoplay_speed=\"3000\" data-slider_tablet_column=\"1\" data-tablet_steps_slide=\"1\" data-slider_responsive_tablet=\"no\" data-slider_mobile_column=\"1\" data-mobile_steps_slide=\"1\" data-slider_responsive_mobile=\"no\" data-slider_dots=\"false\" data-slider_dots_style=\"slick-dots style-1\"  data-slider_arrows=\"false\" data-slider_arrows_style=\"style-1\"  data-arrows_position=\"top-right\"  data-arrow_bg_color=\"#c44d48\"  data-arrow_icon_color=\"#fff\"  data-arrow_hover_bg_color=\"#fff\"  data-arrow_hover_icon_color=\"#c44d48\"  data-slider_center_mode=\"false\"  data-center_padding=\"0\"  data-scale_center_slide=\"1\"  data-scale_normal_slide=\"0.8\"  data-opacity_normal_slide=\"0.7\"  data-slider_rows=\"1\"   data-carousel-bg-conn=\"bgcarouselslider1\">\r\n\t\t\t<div class=\"plus-carousel-inner post-inner-loop\">\r\n\t\t\t\t\t\t\t\t<div id=\"slide-content-7851\" class=\"plus-slide-content grid-item\">\r\n\t\t\t\t\t\t<div class=\"slide-content-inner\">\r\n\t\t\t\t\t\t\t<div class=\"plus-content-editor\">\t\t<div data-elementor-type=\"container\" data-elementor-id=\"8579\" class=\"elementor elementor-8579\" data-elementor-post-type=\"elementor_library\">\n\t\t\t\t<div class=\"elementor-element elementor-element-0c084b9 e-flex e-con-boxed e-con e-parent\" data-id=\"0c084b9\" data-element_type=\"container\" data-settings=\"{&quot;background_background&quot;:&quot;classic&quot;}\">\n\t\t\t\t\t<div class=\"e-con-inner\">\n\t\t\t\t<div class=\"elementor-element elementor-element-9bd884a elementor-widget__width-initial elementor-widget-tablet_extra__width-inherit elementor-widget-tablet__width-inherit elementor-widget-mobile__width-inherit elementor-pagination-position-outside elementor-widget elementor-widget-image-carousel\" data-id=\"9bd884a\" data-element_type=\"widget\" data-settings=\"{&quot;slides_to_show&quot;:&quot;1&quot;,&quot;navigation&quot;:&quot;dots&quot;,&quot;autoplay&quot;:&quot;yes&quot;,&quot;pause_on_hover&quot;:&quot;yes&quot;,&quot;pause_on_interaction&quot;:&quot;yes&quot;,&quot;autoplay_speed&quot;:5000,&quot;infinite&quot;:&quot;yes&quot;,&quot;effect&quot;:&quot;slide&quot;,&quot;speed&quot;:500}\" data-widget_type=\"image-carousel.default\">\n\t\t\t\t\t\t\t<div class=\"elementor-image-carousel-wrapper swiper\" role=\"region\" aria-roledescription=\"carousel\" aria-label=\"Image Carousel\" dir=\"ltr\">\n\t\t\t<div class=\"elementor-image-carousel swiper-wrapper\" aria-live=\"off\">\n\t\t\t\t\t\t\t\t<div class=\"swiper-slide\" role=\"group\" aria-roledescription=\"slide\" aria-label=\"1 von 2\"><figure class=\"swiper-slide-inner\"><img decoding=\"async\" class=\"swiper-slide-image\" src=\"https:\/\/www.haycarb.com\/wp-content\/uploads\/2025\/03\/gold-recovery.webp\" alt=\"gold recovery\" \/><\/figure><\/div><div class=\"swiper-slide\" role=\"group\" aria-roledescription=\"slide\" aria-label=\"2 von 2\"><figure class=\"swiper-slide-inner\"><img decoding=\"async\" class=\"swiper-slide-image\" src=\"https:\/\/www.haycarb.com\/wp-content\/uploads\/2025\/03\/CIP_CIL_CIC_Heap-Leach-1.webp\" alt=\"CIP_CIL_CIC_Heap Leach\" \/><\/figure><\/div>\t\t\t<\/div>\n\t\t\t\t\t\t\t\n\t\t\t\t\t\t\t\t\t<div class=\"swiper-pagination\"><\/div>\n\t\t\t\t\t\t\t\t\t<\/div>\n\t\t\t\t\t\t<\/div>\n\t\t\t\t\t<\/div>\n\t\t\t\t<\/div>\n\t\t\t\t<\/div>\n\t\t<\/div>\t\t\t\t\t\t\t\t\t\t\t\t\t\r\n\t\t\t\t\t\t<\/div>\r\n\t\t\t\t\t<\/div>\r\n\t\t\t\t\t\t\t\t<\/div>\r\n\t\t<\/div>\r\n\t\t\t\t\t\t<\/div>\n\t\t\t\t<\/div>\n\t\t\t\t\t<\/div>\n\t\t\t\t<\/div>\n\t\t\t\t<\/div>","protected":false},"excerpt":{"rendered":"<p>Gold Haycarb Page Haycarb\u2019s activated carbon for Gold Recovery is specifically designed for Carbon-in-Pulp (CIP), Carbon-in-Leach (CIL), Carbon-in-Column (CIC), and heap leach processes. Our products are manufactured under carefully controlled activation conditions and post-activation treatment processes that ensure consistent and accurate particle size distribution, high particle density and hardness, absence of soft and flaky particles, [&hellip;]<\/p>","protected":false},"author":8,"featured_media":8757,"parent":196,"menu_order":0,"comment_status":"closed","ping_status":"closed","template":"","meta":{"_acf_changed":false,"footnotes":""},"class_list":["post-8570","page","type-page","status-publish","has-post-thumbnail","hentry"],"acf":[],"yoast_head":"<!-- This site is optimized with the Yoast SEO plugin v25.6 - https:\/\/yoast.com\/wordpress\/plugins\/seo\/ -->\n<title>Activated Carbon for Gold Recovery | Haycarb PLC<\/title>\n<meta name=\"description\" content=\"Explore Haycarb&#039;s activated carbon for gold recovery, featuring advanced manufacturing and sustainable practices for modern extraction needs.\" \/>\n<meta name=\"robots\" content=\"index, follow, max-snippet:-1, max-image-preview:large, max-video-preview:-1\" \/>\n<link rel=\"canonical\" href=\"https:\/\/www.haycarb.com\/de\/activated-carbon-solutions\/gold\/\" \/>\n<meta property=\"og:locale\" content=\"de_DE\" \/>\n<meta property=\"og:type\" content=\"article\" \/>\n<meta property=\"og:title\" content=\"Activated Carbon for Gold Recovery | Haycarb PLC\" \/>\n<meta property=\"og:description\" content=\"Explore Haycarb&#039;s activated carbon for gold recovery, featuring advanced manufacturing and sustainable practices for modern extraction needs.\" \/>\n<meta property=\"og:url\" content=\"https:\/\/www.haycarb.com\/de\/activated-carbon-solutions\/gold\/\" \/>\n<meta property=\"og:site_name\" content=\"Haycarb\" \/>\n<meta property=\"article:modified_time\" content=\"2025-12-22T03:21:29+00:00\" \/>\n<meta property=\"og:image\" content=\"https:\/\/www.haycarb.com\/wp-content\/uploads\/2025\/03\/gold-nugget-mine-concept-precious-stone-excavation.webp\" \/>\n\t<meta property=\"og:image:width\" content=\"2000\" \/>\n\t<meta property=\"og:image:height\" content=\"1333\" \/>\n\t<meta property=\"og:image:type\" content=\"image\/webp\" \/>\n<meta name=\"twitter:card\" content=\"summary_large_image\" \/>\n<meta name=\"twitter:label1\" content=\"Gesch\u00e4tzte Lesezeit\" \/>\n\t<meta name=\"twitter:data1\" content=\"3\u00a0Minuten\" \/>\n<script type=\"application\/ld+json\" class=\"yoast-schema-graph\">{\"@context\":\"https:\/\/schema.org\",\"@graph\":[{\"@type\":\"WebPage\",\"@id\":\"https:\/\/www.haycarb.com\/activated-carbon-solutions\/gold\/\",\"url\":\"https:\/\/www.haycarb.com\/activated-carbon-solutions\/gold\/\",\"name\":\"Activated Carbon for Gold Recovery | Haycarb PLC\",\"isPartOf\":{\"@id\":\"https:\/\/www.haycarb.com\/#website\"},\"primaryImageOfPage\":{\"@id\":\"https:\/\/www.haycarb.com\/activated-carbon-solutions\/gold\/#primaryimage\"},\"image\":{\"@id\":\"https:\/\/www.haycarb.com\/activated-carbon-solutions\/gold\/#primaryimage\"},\"thumbnailUrl\":\"https:\/\/www.haycarb.com\/wp-content\/uploads\/2025\/03\/gold-nugget-mine-concept-precious-stone-excavation.webp\",\"datePublished\":\"2025-03-28T10:07:36+00:00\",\"dateModified\":\"2025-12-22T03:21:29+00:00\",\"description\":\"Explore Haycarb's activated carbon for gold recovery, featuring advanced manufacturing and sustainable practices for modern extraction needs.\",\"breadcrumb\":{\"@id\":\"https:\/\/www.haycarb.com\/activated-carbon-solutions\/gold\/#breadcrumb\"},\"inLanguage\":\"de\",\"potentialAction\":[{\"@type\":\"ReadAction\",\"target\":[\"https:\/\/www.haycarb.com\/activated-carbon-solutions\/gold\/\"]}]},{\"@type\":\"ImageObject\",\"inLanguage\":\"de\",\"@id\":\"https:\/\/www.haycarb.com\/activated-carbon-solutions\/gold\/#primaryimage\",\"url\":\"https:\/\/www.haycarb.com\/wp-content\/uploads\/2025\/03\/gold-nugget-mine-concept-precious-stone-excavation.webp\",\"contentUrl\":\"https:\/\/www.haycarb.com\/wp-content\/uploads\/2025\/03\/gold-nugget-mine-concept-precious-stone-excavation.webp\",\"width\":2000,\"height\":1333},{\"@type\":\"BreadcrumbList\",\"@id\":\"https:\/\/www.haycarb.com\/activated-carbon-solutions\/gold\/#breadcrumb\",\"itemListElement\":[{\"@type\":\"ListItem\",\"position\":1,\"name\":\"Home\",\"item\":\"https:\/\/www.haycarb.com\/\"},{\"@type\":\"ListItem\",\"position\":2,\"name\":\"Solutions\",\"item\":\"https:\/\/www.haycarb.com\/activated-carbon-solutions\/\"},{\"@type\":\"ListItem\",\"position\":3,\"name\":\"Gold\"}]},{\"@type\":\"WebSite\",\"@id\":\"https:\/\/www.haycarb.com\/#website\",\"url\":\"https:\/\/www.haycarb.com\/\",\"name\":\"Haycarb\",\"description\":\"Activated Carbon Manufacturer\",\"publisher\":{\"@id\":\"https:\/\/www.haycarb.com\/#organization\"},\"potentialAction\":[{\"@type\":\"SearchAction\",\"target\":{\"@type\":\"EntryPoint\",\"urlTemplate\":\"https:\/\/www.haycarb.com\/?s={search_term_string}\"},\"query-input\":{\"@type\":\"PropertyValueSpecification\",\"valueRequired\":true,\"valueName\":\"search_term_string\"}}],\"inLanguage\":\"de\"},{\"@type\":\"Organization\",\"@id\":\"https:\/\/www.haycarb.com\/#organization\",\"name\":\"Haycarb\",\"url\":\"https:\/\/www.haycarb.com\/\",\"logo\":{\"@type\":\"ImageObject\",\"inLanguage\":\"de\",\"@id\":\"https:\/\/www.haycarb.com\/#\/schema\/logo\/image\/\",\"url\":\"https:\/\/www.haycarb.com\/wp-content\/uploads\/2025\/03\/inn-2.webp\",\"contentUrl\":\"https:\/\/www.haycarb.com\/wp-content\/uploads\/2025\/03\/inn-2.webp\",\"width\":400,\"height\":194,\"caption\":\"Haycarb\"},\"image\":{\"@id\":\"https:\/\/www.haycarb.com\/#\/schema\/logo\/image\/\"}}]}<\/script>\n<!-- \/ Yoast SEO plugin. -->","yoast_head_json":{"title":"Activated Carbon for Gold Recovery | Haycarb PLC","description":"Explore Haycarb's activated carbon for gold recovery, featuring advanced manufacturing and sustainable practices for modern extraction needs.","robots":{"index":"index","follow":"follow","max-snippet":"max-snippet:-1","max-image-preview":"max-image-preview:large","max-video-preview":"max-video-preview:-1"},"canonical":"https:\/\/www.haycarb.com\/de\/activated-carbon-solutions\/gold\/","og_locale":"de_DE","og_type":"article","og_title":"Activated Carbon for Gold Recovery | Haycarb PLC","og_description":"Explore Haycarb's activated carbon for gold recovery, featuring advanced manufacturing and sustainable practices for modern extraction needs.","og_url":"https:\/\/www.haycarb.com\/de\/activated-carbon-solutions\/gold\/","og_site_name":"Haycarb","article_modified_time":"2025-12-22T03:21:29+00:00","og_image":[{"width":2000,"height":1333,"url":"https:\/\/www.haycarb.com\/wp-content\/uploads\/2025\/03\/gold-nugget-mine-concept-precious-stone-excavation.webp","type":"image\/webp"}],"twitter_card":"summary_large_image","twitter_misc":{"Gesch\u00e4tzte Lesezeit":"3\u00a0Minuten"},"schema":{"@context":"https:\/\/schema.org","@graph":[{"@type":"WebPage","@id":"https:\/\/www.haycarb.com\/activated-carbon-solutions\/gold\/","url":"https:\/\/www.haycarb.com\/activated-carbon-solutions\/gold\/","name":"Activated Carbon for Gold Recovery | Haycarb PLC","isPartOf":{"@id":"https:\/\/www.haycarb.com\/#website"},"primaryImageOfPage":{"@id":"https:\/\/www.haycarb.com\/activated-carbon-solutions\/gold\/#primaryimage"},"image":{"@id":"https:\/\/www.haycarb.com\/activated-carbon-solutions\/gold\/#primaryimage"},"thumbnailUrl":"https:\/\/www.haycarb.com\/wp-content\/uploads\/2025\/03\/gold-nugget-mine-concept-precious-stone-excavation.webp","datePublished":"2025-03-28T10:07:36+00:00","dateModified":"2025-12-22T03:21:29+00:00","description":"Explore Haycarb's activated carbon for gold recovery, featuring advanced manufacturing and sustainable practices for modern extraction needs.","breadcrumb":{"@id":"https:\/\/www.haycarb.com\/activated-carbon-solutions\/gold\/#breadcrumb"},"inLanguage":"de","potentialAction":[{"@type":"ReadAction","target":["https:\/\/www.haycarb.com\/activated-carbon-solutions\/gold\/"]}]},{"@type":"ImageObject","inLanguage":"de","@id":"https:\/\/www.haycarb.com\/activated-carbon-solutions\/gold\/#primaryimage","url":"https:\/\/www.haycarb.com\/wp-content\/uploads\/2025\/03\/gold-nugget-mine-concept-precious-stone-excavation.webp","contentUrl":"https:\/\/www.haycarb.com\/wp-content\/uploads\/2025\/03\/gold-nugget-mine-concept-precious-stone-excavation.webp","width":2000,"height":1333},{"@type":"BreadcrumbList","@id":"https:\/\/www.haycarb.com\/activated-carbon-solutions\/gold\/#breadcrumb","itemListElement":[{"@type":"ListItem","position":1,"name":"Home","item":"https:\/\/www.haycarb.com\/"},{"@type":"ListItem","position":2,"name":"Solutions","item":"https:\/\/www.haycarb.com\/activated-carbon-solutions\/"},{"@type":"ListItem","position":3,"name":"Gold"}]},{"@type":"WebSite","@id":"https:\/\/www.haycarb.com\/#website","url":"https:\/\/www.haycarb.com\/","name":"Haycarb","description":"Activated Carbon Manufacturer","publisher":{"@id":"https:\/\/www.haycarb.com\/#organization"},"potentialAction":[{"@type":"SearchAction","target":{"@type":"EntryPoint","urlTemplate":"https:\/\/www.haycarb.com\/?s={search_term_string}"},"query-input":{"@type":"PropertyValueSpecification","valueRequired":true,"valueName":"search_term_string"}}],"inLanguage":"de"},{"@type":"Organization","@id":"https:\/\/www.haycarb.com\/#organization","name":"Haycarb","url":"https:\/\/www.haycarb.com\/","logo":{"@type":"ImageObject","inLanguage":"de","@id":"https:\/\/www.haycarb.com\/#\/schema\/logo\/image\/","url":"https:\/\/www.haycarb.com\/wp-content\/uploads\/2025\/03\/inn-2.webp","contentUrl":"https:\/\/www.haycarb.com\/wp-content\/uploads\/2025\/03\/inn-2.webp","width":400,"height":194,"caption":"Haycarb"},"image":{"@id":"https:\/\/www.haycarb.com\/#\/schema\/logo\/image\/"}}]}},"builder_content":"","_links":{"self":[{"href":"https:\/\/www.haycarb.com\/de\/wp-json\/wp\/v2\/pages\/8570","targetHints":{"allow":["GET"]}}],"collection":[{"href":"https:\/\/www.haycarb.com\/de\/wp-json\/wp\/v2\/pages"}],"about":[{"href":"https:\/\/www.haycarb.com\/de\/wp-json\/wp\/v2\/types\/page"}],"author":[{"embeddable":true,"href":"https:\/\/www.haycarb.com\/de\/wp-json\/wp\/v2\/users\/8"}],"replies":[{"embeddable":true,"href":"https:\/\/www.haycarb.com\/de\/wp-json\/wp\/v2\/comments?post=8570"}],"version-history":[{"count":4,"href":"https:\/\/www.haycarb.com\/de\/wp-json\/wp\/v2\/pages\/8570\/revisions"}],"predecessor-version":[{"id":30885,"href":"https:\/\/www.haycarb.com\/de\/wp-json\/wp\/v2\/pages\/8570\/revisions\/30885"}],"up":[{"embeddable":true,"href":"https:\/\/www.haycarb.com\/de\/wp-json\/wp\/v2\/pages\/196"}],"wp:featuredmedia":[{"embeddable":true,"href":"https:\/\/www.haycarb.com\/de\/wp-json\/wp\/v2\/media\/8757"}],"wp:attachment":[{"href":"https:\/\/www.haycarb.com\/de\/wp-json\/wp\/v2\/media?parent=8570"}],"curies":[{"name":"wp","href":"https:\/\/api.w.org\/{rel}","templated":true}]}}